{"id":223,"date":"2020-09-16T10:53:45","date_gmt":"2020-09-16T10:53:45","guid":{"rendered":"http:\/\/www.kurandakidualar.com\/?page_id=223"},"modified":"2020-09-21T11:01:56","modified_gmt":"2020-09-21T11:01:56","slug":"kurana-gore-inananlarin-ozellikleri-1","status":"publish","type":"page","link":"https:\/\/www.kurandakidualar.com\/?page_id=223","title":{"rendered":"Kuran\u2019a G\u00f6re \u0130nananlar\u0131n \u00d6zellikleri"},"content":{"rendered":"\n<p>\u0130NANANLAR YALNIZCA ALLAH\u2019A KULLUK EDERLER<\/p>\n\n\n\n<p>165- Allah\u2019tan ba\u015fkas\u0131n\u0131 Alllah\u2019a e\u015f tutan ve onlar\u0131 Alllah\u2019\u0131 sever gibi seven kimseler var. \u0130nananlar\u0131n ise Allah\u2019a olan sevgileri \u00e7ok g\u00fc\u00e7l\u00fcd\u00fcr. Zalimler azab\u0131 g\u00f6rd\u00fcklerinde b\u00fct\u00fcn kuvvetin Allah\u2019\u0131n oldu\u011funu ve Alllah\u2019\u0131n azab\u0131n\u0131n \u00e7ok \u015fidddetli oldu\u011funu anlayacaklar\u0131n\u0131 bir bilselerdi!<\/p>\n\n\n\n<p>2- Bakara ( \u0130nek ) Suresi<\/p>\n\n\n\n<p>48- Ger\u00e7ekten de Allah kendisine ortak ko\u015fulmas\u0131n\u0131 afffetmez. Bunun d\u0131\u015f\u0131ndakileri diledi\u011fi i\u00e7in affeder. Allah\u2019a ortak ko\u015fan \u015f\u00fcphesiz ki b\u00fcy\u00fck bir g\u00fcnah i\u015flemi\u015ftir.<\/p>\n\n\n\n<p>4- Nisa ( Kad\u0131nlar ) Suresi<\/p>\n\n\n\n<p>162- De ki: \u201c Benim namaz\u0131m, ibadetlerim, hayat\u0131m ve \u00f6l\u00fcm\u00fcm alemlerin Rabbi olan Allah i\u00e7indir.\u201d<\/p>\n\n\n\n<p>6- Enam ( Davar ) Suresi<\/p>\n\n\n\n<p>88- Allah\u2019la beraber ba\u015fka bir tanr\u0131ya kulluk etme. O\u2019ndan ba\u015fka tanr\u0131 yoktur. O\u2019nun varl\u0131\u011f\u0131 d\u0131\u015f\u0131nda her \u015fey yok olacakt\u0131r. H\u00fck\u00fcm O\u2019nundur ve O\u2019na d\u00f6nd\u00fcr\u00fcleceksiniz.<\/p>\n\n\n\n<p>28- Kasas ( Tarihi Vakalar) Suresi<\/p>\n\n\n\n<p>\u0130NANANLAR ALLAH\u2019A TESL\u0130M OLMU\u015eLARDIR, O\u2019NUN \u0130\u00c7\u0130N YA\u015eARLAR<\/p>\n\n\n\n<p>156- Onlar\u0131n ba\u015f\u0131na bir bela geldi\u011finde \u015f\u00f6yle derler: \u201c Biz Allah\u2019a aitiz ve O\u2019na d\u00f6nece\u011fiz.\u201d<\/p>\n\n\n\n<p>2- Bakara ( \u0130nek ) Suresi<\/p>\n\n\n\n<p>207- \u0130nsanlardan \u00f6ylesi de vard\u0131r ki kendisini Allah\u2019\u0131n ho\u015fnutlu\u011funu kazanmaya adar. Allah kulllar\u0131n\u0131 Esirgeyendir.<\/p>\n\n\n\n<p>2- Bakara ( \u0130nek) Suresi<\/p>\n\n\n\n<p>54- Ey inananlar! \u0130\u00e7inizden kim dininden d\u00f6nerse \u015funu bilsin ki: Allah, kendilerini sevdi\u011fi ve onlar\u0131n da Kendisini sevdi\u011fi, inananlara kar\u015f\u0131 al\u00e7ak g\u00f6n\u00fcll\u00fc, inkarc\u0131lara kar\u015f\u0131 g\u00fc\u00e7l\u00fc ve onurlu, Allah yolunda m\u00fccadele eden ve k\u0131nayanlar\u0131n k\u0131namas\u0131ndan korkmayan bir topluluk getirir. Bu Allah\u2019\u0131n bir arma\u011f\u0131n\u0131d\u0131r onu diledi\u011fine verir. Allah Geni\u015fleticidir, Bilendir.<\/p>\n\n\n\n<p>5- Maide ( Ziyafet) Suresi<\/p>\n\n\n\n<p>37- \u00d6yle ki\u015filer vard\u0131r ki ne ticaret, ne al\u0131\u015fveri\u015f onlar\u0131 Allah\u2019\u0131 hat\u0131rlamaktan, namaz\u0131 k\u0131lmaktan, zekat\u0131 vermekten al\u0131koyamaz. Onlar kalplerin ve g\u00f6zlerin d\u00f6nece\u011fi g\u00fcnden korkarlar.<\/p>\n\n\n\n<p>24- Nur ( I\u015f\u0131k) Suresi<\/p>\n\n\n\n<p>33- Allah\u2019a \u00e7a\u011f\u0131ran, iyi i\u015fler yapan ve \u201c Ben teslim olanlardan\u0131m.\u201d diyenlerden daha g\u00fczel s\u00f6zl\u00fc kim vard\u0131r?<\/p>\n\n\n\n<p>41- Fussilet ( Ayr\u0131nt\u0131l\u0131) Suresi<\/p>\n\n\n\n<p>\u0130NANANLAR K\u00d6R\u00dc K\u00d6R\u00dcNE ATALARINA UYMAZLAR, AKILLARINI KULLANIRLAR<\/p>\n\n\n\n<p>190- \u015e\u00fcphesiz g\u00f6klerin ve yerin yarat\u0131l\u0131\u015f\u0131nda, geceyle g\u00fcnd\u00fcz\u00fcn birbirlerini izlemesinde ak\u0131l ve vicdan sahipleri i\u00e7in delilller vard\u0131r.<\/p>\n\n\n\n<p>3- Ali \u0130mran ( \u0130mran Ailesi) Suresi<\/p>\n\n\n\n<p>104- Onlara \u201c Allah\u2019\u0131n indirdi\u011fine ve el\u00e7iye gelin\u201d denildi\u011finde \u015f\u00f6yle derler: \u201c Atalar\u0131m\u0131z\u0131 \u00fczerinde buldu\u011fumuz bize yeter!\u201d Ya atalar\u0131 hi\u00e7bir \u015fey bilmiyorsa ve do\u011fru yola iletilmedilerse!<\/p>\n\n\n\n<p>5- Maide ( Ziyafet ) Suresi<\/p>\n\n\n\n<p>116- Yery\u00fcz\u00fcndekilerin \u00e7o\u011funlu\u011funa uyacak olursan seni Allah\u2019\u0131n yolundan sapt\u0131r\u0131rlar. Onlar ancak san\u0131ya uyarlar ve onlar ancak sa\u00e7malarlar.<\/p>\n\n\n\n<p>6- Enam ( Davar ) Suresi<\/p>\n\n\n\n<p>28- Onlar bir sap\u0131kl\u0131k yapt\u0131klar\u0131nda \u015f\u00f6yle derler: \u201c Biz atalar\u0131m\u0131z\u0131 bu halde bulduk. Allah da bize bunu b\u00f6yle emretti.\u201d De ki: \u201c Allah sap\u0131kl\u0131\u011f\u0131 emretmez. Allah hakk\u0131nda nas\u0131l olur da bilmediklerinizi s\u00f6ylersiniz!\u201d<\/p>\n\n\n\n<p>7- Araf ( Orta Yer) Suresi<\/p>\n\n\n\n<p>100- Allah\u2019\u0131n izni olmadan hi\u00e7bir ki\u015fi inanamaz. Allah, pisli\u011fi ak\u0131llar\u0131n\u0131 kullanmayanlar\u0131n \u00fczerine ya\u011fd\u0131r\u0131r.<\/p>\n\n\n\n<p>10- Yunus Suresi<\/p>\n\n\n\n<p>\u0130NANANLAR SABIRLIDIRLAR VE ALLAH\u2019A G\u00dcVEN\u0130RLER<\/p>\n\n\n\n<p>153- Ey inananlar! Sab\u0131rla ve namazla yard\u0131m dileyin. \u015e\u00fcphesiz Allah sabredenlerle beraberdir.<\/p>\n\n\n\n<p>2- Bakara ( \u0130nek ) Suresi<\/p>\n\n\n\n<p>155- Andolsun ki sizi korku, a\u00e7l\u0131k, mallardan, canlardan ve \u00fcr\u00fcnlerden eksiltmeyle imtihan edece\u011fiz. Sabredenlere m\u00fcjde ver.<\/p>\n\n\n\n<p>2- Bakara ( \u0130nek ) Suresi<\/p>\n\n\n\n<p>249- \u2026\u2026Allah\u2019a kavu\u015facaklar\u0131n\u0131 umanlar \u015f\u00f6yle dediler: \u201c Say\u0131ca az nice topluluk vard\u0131r ki say\u0131ca \u00e7ok nice toplulu\u011fa Allah\u2019\u0131n izniyle galip gelmi\u015flerdir. Allah sabredenlerle beraberdir.\u201d<\/p>\n\n\n\n<p>2- Bakara ( \u0130nek ) Suresi<\/p>\n\n\n\n<p>173- Onlar ki insanlar kendilerine \u201c Size kar\u015f\u0131 insanlar birle\u015ftiler, onlardan korkun.\u201d dediklerinde bu onlar\u0131n inanc\u0131n\u0131 artt\u0131r\u0131r ve \u201c Allah bize yeter, O ne<br>g\u00fczel dayanakt\u0131r.\u201d derler.<\/p>\n\n\n\n<p>3- Ali \u0130mran ( \u0130mran Ailesi) Suresi<\/p>\n\n\n\n<p>200- \u015eeytandan bir k\u0131\u015fk\u0131rtma sana gelirse hemen Allah\u2019a s\u0131\u011f\u0131n. \u00c7\u00fcnk\u00fc O, \u0130\u015fitendir, Bilendir.<\/p>\n\n\n\n<p>7-Araf ( Orta Yer) Suresi<\/p>\n\n\n\n<p>56- Dedi ki: \u201c Sap\u0131tm\u0131\u015flardan ba\u015fka Rabbinin merhametinden kim umut keser?\u201d<\/p>\n\n\n\n<p>15- Hicr Suresi<\/p>\n\n\n\n<p>96- Sizin yan\u0131n\u0131zda olan t\u00fckenir, ama Allah\u2019\u0131n kat\u0131nda olan ise s\u00fcreklidir. Sabredenlerin \u00f6d\u00fcllerini yapt\u0131klar\u0131n\u0131n en g\u00fczeliyle muhakkak verece\u011fiz.<\/p>\n\n\n\n<p>16- Nahl ( Ar\u0131) Suresi<\/p>\n\n\n\n<p>\u0130NANANLAR HER ZAMAN \u015e\u00dcKREDERLER<\/p>\n\n\n\n<p>147- \u0130nan\u0131r ve \u015f\u00fckrederseniz Allah size neden azap etsin? Allah \u015f\u00fckr\u00fcn kar\u015f\u0131l\u0131\u011f\u0131n\u0131 verendir, Bilendir.<\/p>\n\n\n\n<p>4-Nisa ( Kad\u0131nlar) Suresi<\/p>\n\n\n\n<p>7- Rabbiniz buyurmu\u015ftu ki:\u201d \u015e\u00fckrederseniz, Ben de sizin i\u00e7in mutlaka artt\u0131raca\u011fim. Ve e\u011fer nank\u00f6rl\u00fck ederseniz \u015f\u00fcphesiz azab\u0131m \u00e7etindir.\u201d<\/p>\n\n\n\n<p>14- \u0130brahim Suresi<\/p>\n\n\n\n<p>78- Allah sizi annelerinizin karn\u0131ndan \u00e7\u0131kard\u0131\u011f\u0131 zaman bir \u015fey bilmiyordunuz. \u015e\u00fckredersiniz diye size i\u015fitme g\u00fcc\u00fc, g\u00f6zler ve g\u00f6n\u00fcller verdi.<\/p>\n\n\n\n<p>16- Nahl ( Ar\u0131) Suresi<\/p>\n\n\n\n<p>12- Andolsun Lokman\u2019a \u201c Allah\u2019a \u015f\u00fckret\u201d diye bilgelik verdik. Kim \u015f\u00fckrederse kendisi i\u00e7in \u015f\u00fckreder, nank\u00f6rl\u00fck eden de bilsin ki Allah Zengindir, \u00d6v\u00fclendir.<\/p>\n\n\n\n<p>31- Lokman Suresi<\/p>\n\n\n\n<p>\u0130NANANLAR ALLAH\u2019I \u00c7OK HATIRLARLAR<\/p>\n\n\n\n<p>205- Rabbini, kendi kendine, yalvararak, \u00fcrpertiyle, y\u00fcksek olmayan bir sesle sabah ak\u015fam hat\u0131rla. Fark\u0131nda olmayanlardan olma.<\/p>\n\n\n\n<p>7-Araf ( Orta Yer ) Suresi<\/p>\n\n\n\n<p>28- Bunlar, inananlar ve kalpleri Allah\u2019\u0131 hat\u0131rlamakla tatmin olanlard\u0131r.<\/p>\n\n\n\n<p>Haberiniz olsun, kalpler yaln\u0131zca Allah\u2019\u0131 hat\u0131rlamakla tatmin olur.<\/p>\n\n\n\n<p>13- Rad ( G\u00f6k G\u00fcr\u00fclt\u00fcs\u00fc ) Suresi<\/p>\n\n\n\n<p>45- Sana Kitap\u2019tan vahyedileni oku ve namaz\u0131 da k\u0131l. \u00c7\u00fcnk\u00fc namaz sap\u0131kl\u0131klardan ve k\u00f6t\u00fcl\u00fcklerden al\u0131koyar. Elbette ki Allah\u2019\u0131n hat\u0131rlanmas\u0131 daha b\u00fcy\u00fckt\u00fcr. Allah yapt\u0131klar\u0131n\u0131z\u0131 bilir.<\/p>\n\n\n\n<p>29- Ankebut( Di\u015fi \u00d6r\u00fcmcek ) Suresi<\/p>\n\n\n\n<p>13- Ki onlar\u0131n s\u0131rtlar\u0131na binin, sonra oraya kuruldu\u011funuzda Rabbinizin nimetini hat\u0131rlay\u0131n ve \u015f\u00f6yle deyin: \u201c Bunlar\u0131 bizim emrimize veren ne Y\u00fccedir. Onlar\u0131 kendi ba\u015f\u0131m\u0131za kontrol alt\u0131na alamazd\u0131k.\u201d<\/p>\n\n\n\n<p>14- Ve biz elbette Rabbimize d\u00f6nece\u011fiz.<\/p>\n\n\n\n<p>43- Zuhruf ( G\u00f6steri\u015f) Suresi<\/p>\n\n\n\n<p>9- Ey inananlar! Mallar\u0131n\u0131z ve \u00e7ocuklar\u0131n\u0131z sizi Allah\u2019\u0131 hat\u0131rlamaktan al\u0131koymas\u0131n. B\u00f6yle yapanlar zarara u\u011frayanlard\u0131r.<\/p>\n\n\n\n<p>63- M\u00fcnaf\u0131kun ( \u0130ki Y\u00fczl\u00fcler) Suresi<\/p>\n\n\n\n<p>\u0130NANANLAR D\u00dcNYA HAYATINA BA\u011eLANMAZLAR, AH\u0130RET\u0130 DAHA \u00dcST\u00dcN TUTARLAR<\/p>\n\n\n\n<p>14- Kad\u0131nlara, o\u011fullara, y\u0131\u011f\u0131nlarla alt\u0131n ve g\u00fcm\u00fc\u015fe, e\u011fitilmi\u015f atlara, davarlara ve ekinlere duyulan tutku insanlara \u00e7ekici k\u0131l\u0131nm\u0131\u015ft\u0131r. Bunlar d\u00fcnya hayat\u0131n\u0131n yararlanmalar\u0131d\u0131r. Oysa gidilecek en g\u00fczel yer Allah\u2019\u0131n kat\u0131ndad\u0131r.<\/p>\n\n\n\n<p>3- Ali \u0130mran ( \u0130mran Ailesi) Suresi<\/p>\n\n\n\n<p>37- \u00d6yle ki\u015filer vard\u0131r ki onlar\u0131, ne bir ticaret, ne bir al\u0131\u015f-veri\u015f Allah\u2019\u0131 hat\u0131rlamaktan, namaz k\u0131lmaktan, zekat vermekten al\u0131koymaz. Onlar kalplerin ve g\u00f6zlerin ters d\u00f6nece\u011fi g\u00fcnden korkarlar.<\/p>\n\n\n\n<p>24- Nur (I\u015f\u0131k) Suresi<\/p>\n\n\n\n<p>64- Bu d\u00fcnya hayat\u0131 bir e\u011flence ve oyundan ba\u015fka bir \u015fey de\u011fildir.<\/p>\n\n\n\n<p>Ahiret yurdu ise ger\u00e7ek hayatt\u0131r. Bir bilebilselerdi.<\/p>\n\n\n\n<p>29- Ankebut ( Di\u015fi \u00d6r\u00fcmcek ) Suresi<\/p>\n\n\n\n<p>5- Ey insanlar! H\u00e7 \u015f\u00fcphesiz Allah\u2019\u0131n vaadi ger\u00e7ektir. O halde d\u00fcnya hayat\u0131 sizi aldatmas\u0131n ve aldat\u0131c\u0131 da sizi Allah ile aldatmas\u0131n.<\/p>\n\n\n\n<p>35- Fat\u0131r ( Yaratan) Suresi<\/p>\n\n\n\n<p>20- Bilin ki, d\u00fcnya hayat\u0131 ancak bir oyun, bir e\u011flence, bir s\u00fcs, aran\u0131zda bir \u00f6v\u00fcnme, mallarda ve \u00e7ocuklarda bir \u00e7o\u011falma arzusudur. Bir ya\u011fmur \u00f6rne\u011fi<br>gibi; onun yeti\u015fdirdi\u011fi bitki \u00e7ift\u00e7ilerin ho\u015funa gider. Ama sonra o bitki kurur, bir de bakars\u0131n ki sapsar\u0131 kesilmi\u015ftir. Nihayet bir ot ufalt\u0131s\u0131 haline gelir. Ahirette ise \u015fiddetli bir azap, bir ba\u011f\u0131\u015flanma ve bir ho\u015fnutluk vard\u0131r. D\u00fcnya hayat\u0131 aldat\u0131c\u0131 bir yararlanmadan ba\u015fka bir \u015fey de\u011fildir.<\/p>\n\n\n\n<p>57- Hadid ( Demir) Suresi<\/p>\n\n\n\n<p>\u0130NANANLAR UYGUN OLANI EMREDERLER, UYGUNSUZ OLANDAN ALIKOYARLAR<\/p>\n\n\n\n<p>104- Sizden hayra \u00e7a\u011f\u0131ran, uygun olan\u0131 emreden, uygunsuz olandan al\u0131koyan bir topluluk olsun. Bunlar kurtulanlard\u0131r.<\/p>\n\n\n\n<p>3- Ali \u0130mran ( \u0130mran Ailesi) Suresi<\/p>\n\n\n\n<p>110- Siz insanlar i\u00e7in \u00e7\u0131kar\u0131lm\u0131\u015f hay\u0131rl\u0131 bir topluluksunuz. Uygun olan\u0131 emreder, uygunsuz olandan al\u0131koyars\u0131n\u0131z ve Allah\u2019a inan\u0131rs\u0131n\u0131z. Kendilerine kitap verilenler inansalard\u0131, kendileri i\u00e7in elbette ki hay\u0131rl\u0131 olurdu. \u0130\u00e7lerinde inananlar olmakla beraber \u00e7o\u011funlu\u011fu do\u011fruluktan ayr\u0131lm\u0131\u015flard\u0131r.<\/p>\n\n\n\n<p>3- Ali \u0130mran ( \u0130mran Ailesi) Suresi<\/p>\n\n\n\n<p>114- Bunlar Allah\u2019a ve ahiret g\u00fcn\u00fcne inan\u0131rlar, uygun olan\u0131 emrederler, uygunsuz olandan al\u0131koyarlar ve hay\u0131rlarda yar\u0131\u015f\u0131rlar. \u0130\u015fte bunlar iyi olanlard\u0131r.<\/p>\n\n\n\n<p>3-Ali \u0130mran ( \u0130mran Ailesi) Suresi<\/p>\n\n\n\n<p>71- \u0130nanan erkekler ve inanan kad\u0131nlar birbirlerinin dostlar\u0131d\u0131r. Uygun olan\u0131 emrederler, uygunsuz olandan al\u0131koyarlar, namaz\u0131 k\u0131larlar<br>zekat\u0131 verirler, Allah\u2019a ve el\u00e7isine itaat ederler. Allah i\u015fte bunlara rahmet edecektir. Allah \u00dcst\u00fcnd\u00fcr, Bilgedir.<\/p>\n\n\n\n<p>9- Tevbe ( T\u00f6vbe) Suresi<\/p>\n\n\n\n<p>\u0130NANANLAR HO\u015eG\u00d6R\u00dcL\u00dcD\u00dcR, KAR\u015eILIKSIZ \u0130Y\u0130L\u0130K YAPARLAR<\/p>\n\n\n\n<p>263- G\u00fczel bir s\u00f6z ve affetme, ard\u0131ndan eziyet gelen bir sadakadan daha hay\u0131rl\u0131d\u0131r. Allah Zengindir, Yumu\u015fak Davranand\u0131r.<\/p>\n\n\n\n<p>2- Bakara ( \u0130nek ) Suresi<\/p>\n\n\n\n<p>199- Affetmeyi esas al. Uygun olan\u0131 emret, cahillere ald\u0131r\u0131\u015f etme.<\/p>\n\n\n\n<p>7-Araf ( Orta Yer) Suresi<\/p>\n\n\n\n<p>72- Y\u00fcz \u00e7evirdiniz halbuki, ben sizden herhangi bir kar\u015f\u0131l\u0131k istememi\u015ftim. Benim kar\u015f\u0131l\u0131\u011f\u0131m Allah\u2019a aittir. Bana teslim olanlardan olmam emredildi.<\/p>\n\n\n\n<p>10 -Yunus Suresi<\/p>\n\n\n\n<p>34- G\u00fczellik ile \u00e7irkinlik bir olmaz. Sen en g\u00fczel \u015fekilde kar\u015f\u0131l\u0131k ver. O zaman, seninle aras\u0131nda d\u00fc\u015fmanl\u0131k bulunan kimse s\u0131ms\u0131cak bir dost gibi oluvermi\u015ftir.<\/p>\n\n\n\n<p>41- Fussilet ( Ayr\u0131nt\u0131l\u0131) Suresi<\/p>\n\n\n\n<p>40- Bir k\u00f6t\u00fcl\u00fc\u011f\u00fcn cezas\u0131 benzeri bir k\u00f6t\u00fcl\u00fckt\u00fcr. Ama kim affederse ve d\u00fczeni sa\u011flarsa onun kar\u015f\u0131l\u0131\u011f\u0131 Allah\u2019a aittir. O zalimleri sevmez.<\/p>\n\n\n\n<p>42- \u015eura ( Dan\u0131\u015fma) Suresi<\/p>\n\n\n\n<p>8- Fakire, yetime ve esire sevdikleri yiyecekleri yedirirler.<\/p>\n\n\n\n<p>9- \u201c Biz size ancak Allah r\u0131zas\u0131 i\u00e7in yediriyoruz. Sizden bir kar\u015f\u0131l\u0131k da, bir<\/p>\n\n\n\n<p>te\u015fekk\u00fcr de istemiyoruz.\u201d<\/p>\n\n\n\n<p>76- \u0130nsan Suresi<\/p>\n\n\n\n<p>\u0130NANANLAR BO\u015e \u0130\u015eLERDEN Y\u00dcZ \u00c7EV\u0130R\u0130RLER, HAYIRLARDA YARI\u015eIRLAR<\/p>\n\n\n\n<p>1- \u015e\u00fcphesiz inananlar kurtulmu\u015ftur.<\/p>\n\n\n\n<p>2- Onlar namazlar\u0131nda derin bir sayg\u0131 i\u00e7indedirler.<\/p>\n\n\n\n<p>3- Onlar bo\u015f i\u015flerden y\u00fcz \u00e7evirirler.<\/p>\n\n\n\n<p>23- Muminun ( \u0130nananlar) Suresi<\/p>\n\n\n\n<p>61- \u0130\u015fte onlar hay\u0131rlarda yar\u0131\u015fmaktad\u0131rlar ve bundan dolay\u0131 \u00f6nde gidenler de onlard\u0131r.<\/p>\n\n\n\n<p>23- Muminun ( \u0130nananlar) Suresi<\/p>\n\n\n\n<p>72- Onlar yalanc\u0131 tan\u0131kl\u0131k etmezler. Bo\u015f s\u00f6zlerle kar\u015f\u0131la\u015ft\u0131klar\u0131nda \u00f6nemsemeyip ge\u00e7erler.<\/p>\n\n\n\n<p>25- Furkan ( Ay\u0131r\u0131c\u0131) Suresi<\/p>\n\n\n\n<p>55- Bo\u015f s\u00f6zleri i\u015fittiklerinde, ondan y\u00fcz \u00e7evirirler: \u201c Bizim yapt\u0131klar\u0131m\u0131z bize, sizin yapt\u0131klar\u0131n\u0131z size. Size selam olsun. Biz cahillerle u\u011fra\u015fmak istemeyiz.\u201d<\/p>\n\n\n\n<p>28- Kasas ( Tarihi Vakalar) Suresi<\/p>\n\n\n\n<p>\u0130NANANLAR ALLAH YOLUNDA M\u00dcCADELE EDERLER VE DA\u0130MA \u0130NANANLARLA BERABERD\u0130RLER<\/p>\n\n\n\n<p>28- \u0130nananlar, inananlar\u0131 b\u0131rak\u0131p da inkarc\u0131lar\u0131 dost edinmesinler. Bunu yapan\u0131n Allah\u2019la ili\u015fi\u011fi kesilir. Ancak onlardan korunma gayesiyle sak\u0131nman\u0131z istisnad\u0131r. Allah, sizi Kendisinden sak\u0131nmaya \u00e7a\u011f\u0131r\u0131r. Ve d\u00f6n\u00fc\u015f Allah\u2019ad\u0131r.<\/p>\n\n\n\n<p>3- Ali \u0130mran ( \u0130mran Ailesi) Suresi<\/p>\n\n\n\n<p>16- Allah, i\u00e7inizden m\u00fccadele edenleri, Allah\u2019tan, el\u00e7isinden ve inananlardan ba\u015fkas\u0131n\u0131 dost edinmeyenleri ortaya \u00e7\u0131karmadan b\u0131rak\u0131laca\u011f\u0131n\u0131z\u0131 m\u0131 sand\u0131n\u0131z? Allah yapt\u0131klar\u0131n\u0131zdan haberdard\u0131r.<\/p>\n\n\n\n<p>9- Tevbe ( T\u00f6vbe) Suresi<\/p>\n\n\n\n<p>119- Ey inananlar! Allah\u2019tan sak\u0131n\u0131n ve do\u011frularla beraber olun.<\/p>\n\n\n\n<p>9-Tevbe ( T\u00f6vbe) Suresi<\/p>\n\n\n\n<p>28- Rablerinin ho\u015fnutlu\u011funu isteyerek sabah ak\u015fam dua edenlerle beraber sen de sabret. D\u00fcnya hayat\u0131n\u0131n s\u00fcs\u00fcn\u00fc isteyerek g\u00f6zlerini onlardan kayd\u0131rma. Kalbi hat\u0131rlanmam\u0131za kar\u015f\u0131 umursamaz olan, kendi tutkular\u0131na uyan ve i\u015flerinde a\u015f\u0131r\u0131l\u0131\u011fa giden ki\u015fiye itaat etme.<\/p>\n\n\n\n<p>18- Kehf ( Ma\u011fara) Suresi<\/p>\n\n\n\n<p>15- \u0130nananlar ancak \u015fu kimselerdir ki; Allah\u2019a ve el\u00e7isine inan\u0131rlar, sonra hi\u00e7bir \u015f\u00fcpheye kap\u0131lmazlar ve mallar\u0131yla, canlar\u0131yla Allah yolunda m\u00fccadele<br>ederler. \u0130\u015fte onlar do\u011frulard\u0131r.<\/p>\n\n\n\n<p>49- Hucurat ( Odalar) Suresi<\/p>\n\n\n\n<p>4- Allah, kendi yolunda kenetlenmi\u015f bir bina gibi saf ba\u011flayarak \u00e7arp\u0131\u015fanlar\u0131 sever.<\/p>\n\n\n\n<p>61- Saff ( Saf Tutmak) Suresi<\/p>\n\n\n\n<p>\u0130NANANLAR FEDAKARDIRLAR VE ALLAH YOLUNDA HARCAMA YAPARLAR<\/p>\n\n\n\n<p>195- Allah yolunda harcama yap\u0131n ve kendi ellerinizle kendinizi tehlikeye atmay\u0131n. G\u00fczel davran\u0131n. Allah g\u00fczellik sergileyenleri sever.<\/p>\n\n\n\n<p>2- Bakara ( \u0130nek ) Suresi<\/p>\n\n\n\n<p>92- Sevdi\u011finiz \u015feylerden vermedik\u00e7e iyili\u011fe eri\u015femezsiniz. \u015e\u00fcphesiz, Allah verdi\u011finiz her \u015feyi bilir.<\/p>\n\n\n\n<p>3-Ali \u0130mran ( \u0130mran Ailesi) Suresi<\/p>\n\n\n\n<p>134- Onlar bollukta ve darl\u0131kta verirler. \u00d6fkelerini yutarlar, insanlar\u0131 affederler. Allah g\u00fczellik sergileyenleri sever.<\/p>\n\n\n\n<p>3-Ali \u0130mran ( \u0130mran Ailesi) Suresi<\/p>\n\n\n\n<p>31- \u0130nanan kullar\u0131ma s\u00f6yle: Al\u0131\u015fveri\u015fin ve dostlu\u011fun olmad\u0131\u011f\u0131 o g\u00fcn gelmeden \u00f6nce namaz\u0131 k\u0131ls\u0131nlar, kendilerine verdi\u011fimiz r\u0131z\u0131klardan gizlice ve a\u00e7\u0131k\u00e7a versinler.<\/p>\n\n\n\n<p>14- \u0130brahim Suresi<\/p>\n\n\n\n<p>38- \u0130\u015fte sizler, Allah yolunda harcamaya \u00e7a\u011fr\u0131l\u0131yorsunuz, ama bir k\u0131sm\u0131n\u0131z cimrilik etmektedir. Cimrilik eden ancak kendisine cimrilik etmi\u015f olur. Allah Zengindir, siz ise fakirsiniz. Y\u00fcz \u00e7eviriseniz sizin yerinize ba\u015fka bir topluluk getirir de onlar sizin gibi olmazlar.<\/p>\n\n\n\n<p>47- Muhammed Suresi<\/p>\n\n\n\n<p>10- Sizler, neden Allah yolunda harcama yapm\u0131yorsunuz? Oysa g\u00f6klerin ve yery\u00fcz\u00fcn\u00fcn miras\u00e7\u0131s\u0131 Allah\u2019t\u0131r. \u0130\u00e7inizden fetihten \u00f6nce verenler ve sava\u015fanlar ayn\u0131 olmazlar. \u0130\u015fte onlar derece olarak sonradan verenlerden ve sava\u015fanlardan daha \u00fcst\u00fcnd\u00fcrler. Allah hepsine g\u00fczellik vaat etmi\u015ftir. Allah yapt\u0131klar\u0131n\u0131zdan haberdard\u0131r.<\/p>\n\n\n\n<p>57- Hadid ( Demir) Suresi<\/p>\n\n\n\n<p>\u0130NANANLAR G\u00dcZEL AHLAKLIDIR, \u0130BADETLER\u0130NE T\u0130T\u0130ZD\u0130RLER VE G\u00dcNAHLARDAN KA\u00c7INIRLAR<\/p>\n\n\n\n<p>177- Y\u00fczlerinizi do\u011fuya ve bat\u0131ya \u00e7evirmeniz iyilik de\u011fildir. \u0130yilik; Allah\u2019a, ahiret g\u00fcn\u00fcne, meleklere, Kitap\u2019a ve peygamberlere inanmak; yak\u0131nlara, yetimlere, muhta\u00e7lara, yolda kalm\u0131\u015fa, isteyip-dilenene, k\u00f6lelere vermek; namaz k\u0131lmak, zekat\u0131 vermek, s\u00f6zle\u015fti\u011finde s\u00f6zle\u015fmeye vefa g\u00f6stermek, zorluk zaman\u0131nda, s\u0131k\u0131nt\u0131da ve sava\u015f\u0131n k\u0131z\u0131\u015ft\u0131\u011f\u0131 zamanlarda sab\u0131rl\u0131 olmakt\u0131r. \u0130\u015fte bunlar do\u011frulard\u0131r ve sak\u0131nanlard\u0131r.<\/p>\n\n\n\n<p>2- Bakara ( \u0130nek ) Suresi<\/p>\n\n\n\n<p>183- Ey inananlar! Oru\u00e7 sizden \u00f6ncekilere yaz\u0131ld\u0131\u011f\u0131 gibi size de yaz\u0131ld\u0131. Umulur ki sak\u0131n\u0131rs\u0131n\u0131z.<\/p>\n\n\n\n<p>2- Bakara ( \u0130nek ) Suresi<\/p>\n\n\n\n<p>196- Hacc\u0131 ve \u00fcmreyi Allah i\u00e7in tamamlay\u0131n.<\/p>\n\n\n\n<p>2- Bakara ( \u0130nek ) Suresi<\/p>\n\n\n\n<p>86- Bir selam ile selamland\u0131\u011f\u0131n\u0131zda, onun daha g\u00fczeli ile veya ayn\u0131s\u0131 ile selam verin. \u015e\u00fcphesiz Allah her\u015feyi hesaplamaktad\u0131r.<\/p>\n\n\n\n<p>4-Nisa ( Kad\u0131nlar ) Suresi<\/p>\n\n\n\n<p>8- Ey inananlar! Allah i\u00e7in adaleti g\u00f6zeterek tan\u0131kl\u0131k edin. Bir toplulu\u011fa olan kininiz sizi adaletli davranmaktan al\u0131koymas\u0131n. Adaletli olun. Bu sak\u0131nanlar i\u00e7in uygun oland\u0131r. Allah\u2019tan korkun. \u015e\u00fcphesiz Allah yapt\u0131klar\u0131n\u0131zdan haberdard\u0131r.<\/p>\n\n\n\n<p>5- Maide ( Ziyafet ) Suresi<\/p>\n\n\n\n<p>17- Ey o\u011flum! Namaz\u0131 k\u0131l, uygun olan\u0131 emret, uygunsuz olandan al\u0131koy ve ba\u015f\u0131na gelene sabret. Bunlar ger\u00e7ekle\u015ftirilmeye \u00e7al\u0131\u015f\u0131lmas\u0131 gereken i\u015flerdir.<br>18- \u0130nsanlara ald\u0131rmazl\u0131k etme ve yery\u00fcz\u00fcnde b\u00f6b\u00fcrlenerek y\u00fcr\u00fcme. \u00c7\u00fcnk\u00fc Allah kibirlenip \u00f6v\u00fcnenleri sevmez.<\/p>\n\n\n\n<p>19- Y\u00fcr\u00fcy\u00fc\u015f\u00fcnde normal ol, sesini de al\u00e7alt, seslerin en \u00e7irkini e\u015fek sesidir.<\/p>\n\n\n\n<p>31- Lokman Suresi<\/p>\n\n\n\n<p>11- Ey inananlar! Bir topluluk ba\u015fka bir toplulukla alay etmesin, belki onlar kendilerinden daha hay\u0131rl\u0131d\u0131r. Kad\u0131nlar da ba\u015fka kad\u0131nlarla alay etmesinler, belki onlar kendilerinden daha hay\u0131rl\u0131d\u0131rlar. Kendi kendinizi ay\u0131plamay\u0131n. Birbirinizi k\u00f6t\u00fc lakaplarla \u00e7a\u011f\u0131rmay\u0131n. \u0130nanmaktan sonra sap\u0131kl\u0131k ne de k\u00f6t\u00fc bir isimdir! T\u00f6vbe etmeyenler zalimlerdir.<\/p>\n\n\n\n<p>12- Ey inananlar! Sanmaktan \u00e7ok ka\u00e7\u0131n\u0131n; \u00e7\u00fcnk\u00fc san\u0131n\u0131n bir k\u0131sm\u0131 g\u00fcnaht\u0131r. Birbirinizin gizliliklerini ara\u015ft\u0131rmay\u0131n. Birbirinizi arkadan \u00e7eki\u015ftirmeyin; \u00f6l\u00fc karde\u015finizin etini yemeyi sever misiniz? \u0130\u015fte bundan tiksindiniz. Allah\u2019tan korkun. Allah t\u00f6vbeleri kabul edendir, \u015eefkatlidir.<\/p>\n\n\n\n<p>49- Hucurat ( Odalar) Suresi<\/p>\n","protected":false},"excerpt":{"rendered":"<p>\u0130NANANLAR YALNIZCA ALLAH\u2019A KULLUK EDERLER 165- Allah\u2019tan ba\u015fkas\u0131n\u0131 Alllah\u2019a e\u015f tutan ve onlar\u0131 Alllah\u2019\u0131 sever gibi seven kimseler var. \u0130nananlar\u0131n ise Allah\u2019a olan sevgileri \u00e7ok g\u00fc\u00e7l\u00fcd\u00fcr. Zalimler azab\u0131 g\u00f6rd\u00fcklerinde b\u00fct\u00fcn kuvvetin Allah\u2019\u0131n oldu\u011funu ve Alllah\u2019\u0131n azab\u0131n\u0131n \u00e7ok \u015fidddetli oldu\u011funu anlayacaklar\u0131n\u0131 bir bilselerdi! 2- Bakara ( \u0130nek ) Suresi 48- Ger\u00e7ekten de Allah kendisine ortak ko\u015fulmas\u0131n\u0131 [&hellip;]<\/p>\n","protected":false},"author":1,"featured_media":0,"parent":0,"menu_order":0,"comment_status":"closed","ping_status":"closed","template":"","meta":{"footnotes":""},"class_list":["post-223","page","type-page","status-publish","hentry"],"_links":{"self":[{"href":"https:\/\/www.kurandakidualar.com\/index.php?rest_route=\/wp\/v2\/pages\/223","targetHints":{"allow":["GET"]}}],"collection":[{"href":"https:\/\/www.kurandakidualar.com\/index.php?rest_route=\/wp\/v2\/pages"}],"about":[{"href":"https:\/\/www.kurandakidualar.com\/index.php?rest_route=\/wp\/v2\/types\/page"}],"author":[{"embeddable":true,"href":"https:\/\/www.kurandakidualar.com\/index.php?rest_route=\/wp\/v2\/users\/1"}],"replies":[{"embeddable":true,"href":"https:\/\/www.kurandakidualar.com\/index.php?rest_route=%2Fwp%2Fv2%2Fcomments&post=223"}],"version-history":[{"count":2,"href":"https:\/\/www.kurandakidualar.com\/index.php?rest_route=\/wp\/v2\/pages\/223\/revisions"}],"predecessor-version":[{"id":292,"href":"https:\/\/www.kurandakidualar.com\/index.php?rest_route=\/wp\/v2\/pages\/223\/revisions\/292"}],"wp:attachment":[{"href":"https:\/\/www.kurandakidualar.com\/index.php?rest_route=%2Fwp%2Fv2%2Fmedia&parent=223"}],"curies":[{"name":"wp","href":"https:\/\/api.w.org\/{rel}","templated":true}]}}