{"id":232,"date":"2020-09-16T10:55:07","date_gmt":"2020-09-16T10:55:07","guid":{"rendered":"http:\/\/www.kurandakidualar.com\/?page_id=232"},"modified":"2020-09-22T08:30:52","modified_gmt":"2020-09-22T08:30:52","slug":"surelerden-secmeler-1","status":"publish","type":"page","link":"https:\/\/www.kurandakidualar.com\/?page_id=232","title":{"rendered":"Surelerden Se\u00e7meler"},"content":{"rendered":"\n<div class=\"wp-block-columns is-layout-flex wp-container-core-columns-is-layout-9d6595d7 wp-block-columns-is-layout-flex\">\n<div class=\"wp-block-column is-layout-flow wp-block-column-is-layout-flow\">\n<p><strong>Fatiha (A\u00e7\u0131l\u0131\u015f) Suresi<\/strong><\/p>\n\n\n\n<p>1 \u2013 Merhametli, \u015eefkatli Allah\u2019\u0131n ad\u0131yla.<br>2 \u2013 \u00d6vg\u00fc alemlerin Rabbi Allah\u2019ad\u0131r.<br>3 \u2013 O Merhametlidir, \u015eefkatlidir<br>4 \u2013 Din g\u00fcn\u00fcn\u00fcn H\u00fckmedenidir O.<br>5 \u2013 Yaln\u0131z Sana kulluk eder, yaln\u0131z Sen\u2019den yard\u0131m isteriz.<br>6 \u2013 Bizi do\u011fru yola ilet.<br>7 \u2013 Kendilerine nimet verdiklerinin yoluna. Gazaba u\u011frayanlar\u0131n ve do\u011fruluktan sapm\u0131\u015f olanlar\u0131nkine de\u011fil.<\/p>\n\n\n\n<p><strong>\u0130n\u015firah (Ferahl\u0131k) Suresi<\/strong><\/p>\n\n\n\n<p>Merhametli, \u015fefkatli Allah\u2019\u0131n ad\u0131yla.<\/p>\n\n\n\n<p>1 \u2013 Senin g\u00f6\u011fs\u00fcne ferahl\u0131k vermedik mi!<br>2 \u2013 \u00dczerindeki y\u00fck\u00fcn\u00fc indirmedik mi!<\/p>\n\n\n\n<p>3 \u2013 Ki o belini \u00e7at\u0131rdatm\u0131\u015ft\u0131 senin.<br>4 \u2013 Ve senin \u015fan\u0131n\u0131 y\u00fcceltmedik mi!<br>5 \u2013 Demek ki zorlukla beraber bir kolayl\u0131k vard\u0131r.<br>6 \u2013 Zorlu\u011fun yan\u0131nda bir kolayl\u0131k mutlaka vard\u0131r.<br>7 \u2013 O halde bo\u015fal\u0131r bo\u015falmaz yeni bir i\u015fe koyulup yorul.<br>8 \u2013 Ve yaln\u0131zca Rabbine y\u00f6nel.<\/p>\n\n\n\n<p><strong>Tin (\u0130ncir) Suresi<\/strong><\/p>\n\n\n\n<p>Merhametli, \u015fefkatli Allah\u2019\u0131n ad\u0131yla.<\/p>\n\n\n\n<p>1 \u2013 Ve incir, ve zeytin.<br>2 \u2013 Ve Sina da\u011f\u0131.<br>3 \u2013 Ve bu g\u00fcvenilir kent.<br>4 \u2013 Ger\u00e7ekte de insan\u0131 en g\u00fczel bir bi\u00e7imde yaratt\u0131k.<br>5 \u2013 Sonra da onu a\u015fa\u011f\u0131lar\u0131n a\u015fa\u011f\u0131s\u0131na \u00e7evirdik.<br>6 \u2013 Ancak inan\u0131p d\u00fczg\u00fcn i\u015fler yapan istisnad\u0131r. Bunlar i\u00e7in kesintisiz bir \u00f6d\u00fcl vard\u0131r.<br>7 \u2013 B\u00f6yle iken hangi \u015fey dini sana yalanlatabilir?<br>8 \u2013 Allah bilgelerin en Bilgesi de\u011fil midir?<\/p>\n\n\n\n<p><strong>Alak (As\u0131l\u0131p Tutulan) Suresi<\/strong><\/p>\n\n\n\n<p>Merhametli, \u015fefkatli Allah\u2019\u0131n ad\u0131yla.<\/p>\n\n\n\n<p>1 \u2013 Oku ! Yaratan Rabbinin ad\u0131yla.<br>2 \u2013 O insan\u0131 as\u0131l\u0131p tutulan bir \u015feyden yaratt\u0131.<br>3 \u2013 Oku! Rabbin en b\u00fcy\u00fck c\u00f6mertli\u011fin sahibidir.<br>4 \u2013 O\u2019dur kalemle \u00f6\u011freten.<br>5 \u2013 \u0130nsana bilmedi\u011fini \u00f6\u011fretti.<br>6 \u2013 Hay\u0131r, ger\u00e7ekten insan azar.<br>7 \u2013 Sahip olduklar\u0131ndan dolay\u0131 kendini yeterli g\u00f6rd\u00fc\u011f\u00fcnden.<br>8 \u2013 Oysaki d\u00f6n\u00fc\u015f yaln\u0131zca Rabbinedir.<br>9 \u2013 G\u00f6rd\u00fcn m\u00fc \u015fu engellemekte olan\u0131.<br>10 \u2013 Bir kulu namaz k\u0131larken.<br>11 \u2013 G\u00f6rd\u00fcn m\u00fc ya o do\u011fruluk \u00fczerinde ise.<br>12 \u2013 Ya o sak\u0131nmay\u0131 emrediyorsa.<br>13 \u2013 G\u00f6rd\u00fcn m\u00fc ! Ya \u015fu yalanlam\u0131\u015f ve s\u0131rt\u0131n\u0131 d\u00f6nm\u00fc\u015fse.<br>14 \u2013 Bilmez mi ki Allah her \u015feyi g\u00f6rmektedir.<br>15 \u2013 Hay\u0131r, e\u011fer o bundan vazge\u00e7meyecek olursa, o aln\u0131 mutlaka tutup s\u00fcrtece\u011fiz.<br>16 \u2013 O yalanc\u0131, o g\u00fcnahkar aln\u0131.<br>17 \u2013 O zaman haydi \u00e7a\u011f\u0131rs\u0131n yanda\u015flar\u0131n\u0131.<br>18 \u2013 Biz de zebanileri \u00e7a\u011f\u0131raca\u011f\u0131z.<br>19 \u2013 Hay\u0131r, ona boyun e\u011fme. Secde et ve yak\u0131nla\u015f.<\/p>\n\n\n\n<p><strong>Asr (Zaman) Suresi<\/strong><\/p>\n\n\n\n<p>Merhametli, \u015fefkatli Allah\u2019\u0131n ad\u0131yla.<\/p>\n\n\n\n<p>1 \u2013 Ve zaman.<br>2 \u2013 \u0130nsan ger\u00e7ekten de zarardad\u0131r.<br>3 \u2013 Ancak inan\u0131p d\u00fczg\u00fcn i\u015fler yapanlar, birbirlerine ger\u00e7e\u011fi \u00f6nerenler ve birbirlerine sabr\u0131 \u00f6nerenler istisnad\u0131r.<\/p>\n\n\n\n<p><strong>Maun (Yard\u0131mla\u015fma) Suresi<\/strong><\/p>\n\n\n\n<p>Merhametli, \u015fefkatli Allah\u2019\u0131n ad\u0131yla.<\/p>\n\n\n\n<p>1 \u2013 Dini yalanlayan\u0131 g\u00f6rd\u00fcn m\u00fc.<br>2 \u2013 Yetimi itip-kakan odur.<br>3 \u2013 Yoksulu doyurmay\u0131 te\u015fvik etmeyen odur.<br>4 \u2013 Yaz\u0131klar olsun o namaz k\u0131lanlara.<br>5 \u2013 Ki onlar namazlar\u0131nda yan\u0131lg\u0131 i\u00e7indedirler.<br>6 \u2013 Onlar g\u00f6steri\u015f yapmaktad\u0131rlar.<br>7 \u2013 Ve onlar yard\u0131mla\u015fmay\u0131 engellemektedirler.<\/p>\n\n\n\n<p><strong>Kevser (Bolca G\u00fczellik) Suresi<\/strong><\/p>\n\n\n\n<p>Merhametli, \u015fefkatli Allah\u2019\u0131n ad\u0131yla.<\/p>\n\n\n\n<p>1 \u2013 \u015e\u00fcphesiz biz sana bolca g\u00fczellik verdik.<br>2 \u2013 \u00d6yleyse Rabbin i\u00e7in namaz k\u0131l ve g\u00f6\u011fs\u00fcn\u00fc gererek dimdik dur.<br>3 \u2013 As\u0131l soyu kesik olan sana kin duyand\u0131r.<\/p>\n\n\n\n<p><strong>Kafirun (\u0130nkarc\u0131lar) Suresi<\/strong><\/p>\n\n\n\n<p>Merhametli, \u015fefkatli Allah\u2019\u0131n ad\u0131yla.<\/p>\n\n\n\n<p>1 \u2013 De ki : Ey inkarc\u0131lar !<br>2 \u2013 Ben, sizin kulluk ettiklerinize kulluk etmem.<br>3 \u2013 Siz de benim kulluk etti\u011fime kulluk etmezsiniz.<br>4 \u2013 Ben, sizin kulluk ettiklerinize kulluk edecek de\u011filim.<br>5 \u2013 Siz de benim kulluk etti\u011fime kulluk etmezsiniz.<br>6 \u2013 Sizin dininiz size benim dinim bana.<\/p>\n\n\n\n<p><strong>Nasr (Yard\u0131m) Suresi<\/strong><\/p>\n\n\n\n<p>Merhametli, \u015fefkatli Allah\u2019\u0131n ad\u0131yla.<\/p>\n\n\n\n<p>1 \u2013 Allah\u2019\u0131n yard\u0131m\u0131 ve fetih geldi\u011finde.<br>2 \u2013 Ve insanlar\u0131n Allah\u2019\u0131n dinine ak\u0131n ak\u0131n geldiklerini g\u00f6rd\u00fc\u011f\u00fcnde.<br>3 \u2013 Hemen Rabbini \u00f6verek y\u00fccelt ve O\u2019ndan ba\u011f\u0131\u015flanma dile. \u00c7\u00fcnk\u00fc O ba\u011f\u0131\u015flanma dileklerini kabul eder.<\/p>\n\n\n\n<p><strong>\u0130hlas (\u00d6zg\u00fcleme) Suresi<\/strong><\/p>\n\n\n\n<p>Merhametli, \u015fefkatli Allah\u2019\u0131n ad\u0131yla.<\/p>\n\n\n\n<p>1 \u2013 De ki : O Allah Birdir.<br>2 \u2013 Allah, her \u015feyin muhta\u00e7 oldu\u011fudur.<br>3 \u2013 Do\u011furmam\u0131\u015ft\u0131r, do\u011frulmam\u0131\u015ft\u0131r.<br>4 \u2013 Ve hi\u00e7 bir \u015fey O\u2019nun dengi de\u011fildir<\/p>\n<\/div>\n\n\n\n<div class=\"wp-block-column is-layout-flow wp-block-column-is-layout-flow\">\n<figure class=\"wp-block-image size-large\"><img loading=\"lazy\" decoding=\"async\" width=\"576\" height=\"1024\" src=\"https:\/\/www.kurandakidualar.com\/wp-content\/uploads\/2020\/09\/WhatsApp-Image-2020-09-22-at-11.18.12-1-576x1024.jpeg\" alt=\"\" class=\"wp-image-412\" srcset=\"https:\/\/www.kurandakidualar.com\/wp-content\/uploads\/2020\/09\/WhatsApp-Image-2020-09-22-at-11.18.12-1-576x1024.jpeg 576w, https:\/\/www.kurandakidualar.com\/wp-content\/uploads\/2020\/09\/WhatsApp-Image-2020-09-22-at-11.18.12-1-169x300.jpeg 169w, https:\/\/www.kurandakidualar.com\/wp-content\/uploads\/2020\/09\/WhatsApp-Image-2020-09-22-at-11.18.12-1-768x1365.jpeg 768w, https:\/\/www.kurandakidualar.com\/wp-content\/uploads\/2020\/09\/WhatsApp-Image-2020-09-22-at-11.18.12-1-864x1536.jpeg 864w, https:\/\/www.kurandakidualar.com\/wp-content\/uploads\/2020\/09\/WhatsApp-Image-2020-09-22-at-11.18.12-1.jpeg 900w\" sizes=\"auto, (max-width: 576px) 100vw, 576px\" \/><\/figure>\n<\/div>\n<\/div>\n","protected":false},"excerpt":{"rendered":"<p>Fatiha (A\u00e7\u0131l\u0131\u015f) Suresi 1 \u2013 Merhametli, \u015eefkatli Allah\u2019\u0131n ad\u0131yla.2 \u2013 \u00d6vg\u00fc alemlerin Rabbi Allah\u2019ad\u0131r.3 \u2013 O Merhametlidir, \u015eefkatlidir4 \u2013 Din g\u00fcn\u00fcn\u00fcn H\u00fckmedenidir O.5 \u2013 Yaln\u0131z Sana kulluk eder, yaln\u0131z Sen\u2019den yard\u0131m isteriz.6 \u2013 Bizi do\u011fru yola ilet.7 \u2013 Kendilerine nimet verdiklerinin yoluna. Gazaba u\u011frayanlar\u0131n ve do\u011fruluktan sapm\u0131\u015f olanlar\u0131nkine de\u011fil. \u0130n\u015firah (Ferahl\u0131k) Suresi Merhametli, \u015fefkatli Allah\u2019\u0131n [&hellip;]<\/p>\n","protected":false},"author":1,"featured_media":0,"parent":0,"menu_order":0,"comment_status":"closed","ping_status":"closed","template":"","meta":{"footnotes":""},"class_list":["post-232","page","type-page","status-publish","hentry"],"_links":{"self":[{"href":"https:\/\/www.kurandakidualar.com\/index.php?rest_route=\/wp\/v2\/pages\/232","targetHints":{"allow":["GET"]}}],"collection":[{"href":"https:\/\/www.kurandakidualar.com\/index.php?rest_route=\/wp\/v2\/pages"}],"about":[{"href":"https:\/\/www.kurandakidualar.com\/index.php?rest_route=\/wp\/v2\/types\/page"}],"author":[{"embeddable":true,"href":"https:\/\/www.kurandakidualar.com\/index.php?rest_route=\/wp\/v2\/users\/1"}],"replies":[{"embeddable":true,"href":"https:\/\/www.kurandakidualar.com\/index.php?rest_route=%2Fwp%2Fv2%2Fcomments&post=232"}],"version-history":[{"count":3,"href":"https:\/\/www.kurandakidualar.com\/index.php?rest_route=\/wp\/v2\/pages\/232\/revisions"}],"predecessor-version":[{"id":413,"href":"https:\/\/www.kurandakidualar.com\/index.php?rest_route=\/wp\/v2\/pages\/232\/revisions\/413"}],"wp:attachment":[{"href":"https:\/\/www.kurandakidualar.com\/index.php?rest_route=%2Fwp%2Fv2%2Fmedia&parent=232"}],"curies":[{"name":"wp","href":"https:\/\/api.w.org\/{rel}","templated":true}]}}