{"id":245,"date":"2020-09-16T11:01:45","date_gmt":"2020-09-16T11:01:45","guid":{"rendered":"http:\/\/www.kurandakidualar.com\/?page_id=245"},"modified":"2020-09-16T11:01:45","modified_gmt":"2020-09-16T11:01:45","slug":"kurandaki-dualar","status":"publish","type":"page","link":"https:\/\/www.kurandakidualar.com\/?page_id=245","title":{"rendered":"Kuran\u2019daki Dualar"},"content":{"rendered":"\n<p>5 \u2013 Yaln\u0131z sana kulluk eder, yaln\u0131z senden yard\u0131m isteriz.<br>6 \u2013 Bizi do\u011fru yola ilet.<br>7 \u2013 Kendilerine nimet verdiklerinin yoluna. Gazaba u\u011frayanlar\u0131n ve do\u011fruluktan sapm\u0131\u015f olanlar\u0131nkine de\u011fil.<\/p>\n\n\n\n<p><em>Fatiha (A\u00e7\u0131l\u0131\u015f) Suresi<\/em><\/p>\n\n\n\n<p>32 \u2013 Sen Y\u00fccesin, bize \u00f6\u011fretti\u011finden ba\u015fka bilgimiz yoktur. Ger\u00e7ekten sen her \u015feyi Bilensin, Bilgesin.<\/p>\n\n\n\n<p><em>Bakara (S\u0131\u011f\u0131r) Suresi<\/em><\/p>\n\n\n\n<p>127 \u2013 \u0130brahim, \u0130smail ile birlikte evin s\u00fctunlar\u0131n\u0131 y\u00fckseltiyor: \u201cRabbimiz! Bizden olan\u0131 kabul et. Ger\u00e7ekten Sen, her \u015feyi Bilensin, Bilgesin.<br>128 \u2013 Rabbimiz! \u0130kimizi sana teslim olanlardan yap ve soyumuzdan da sana teslim olan bir toplum olu\u015ftur. Bize ibadet \u015feklimizi g\u00f6ster ve t\u00f6vbemizi kabul et. Ger\u00e7ekten sen ba\u011f\u0131\u015flanma dileklerini kabul edensin, \u015eefkatlisin.\u201d<\/p>\n\n\n\n<p><em>Bakara (S\u0131\u011f\u0131r) Suresi<\/em><\/p>\n\n\n\n<p>201 \u2013 Rabbimiz ! Bize d\u00fcnyada da g\u00fczellik ver, ahirette de g\u00fczellik ver. Bizi ate\u015f azab\u0131ndan koru.<\/p>\n\n\n\n<p><em>Bakara (S\u0131\u011f\u0131r) Suresi<\/em><\/p>\n\n\n\n<p>250 \u2013 Rabbimiz ! \u00dczerimize sab\u0131r ya\u011fd\u0131r. Ayaklar\u0131m\u0131z\u0131 yere sa\u011flam bast\u0131r ve inkarc\u0131lara kar\u015f\u0131 bize yard\u0131m et.<\/p>\n\n\n\n<p><em>Bakara (S\u0131\u011f\u0131r) Suresi<\/em><\/p>\n\n\n\n<p>255 \u2013 Allah, O\u2019ndan ba\u015fka tanr\u0131 yoktur. O, Canl\u0131d\u0131r, Kudretin Kayna\u011f\u0131d\u0131r. O kendisinden ge\u00e7mez ve O\u2019nu uyku tutmaz. G\u00f6klerde ve yery\u00fcz\u00fcnde ne varsa hepsi O\u2019nundur. \u0130zni olmaks\u0131z\u0131n O\u2019nun kat\u0131nda kim arac\u0131l\u0131k edebilir? O \u00f6nlerindekini ve arkalar\u0131ndakini bilir. \u0130stedi\u011fi kadar\u0131n\u0131n d\u0131\u015f\u0131nda O\u2019nun bilgisinden hi\u00e7bir \u015feyi kavrayamazlar. O\u2019nun y\u00f6netimi g\u00f6kleri ve yery\u00fcz\u00fcn\u00fc ku\u015fatm\u0131\u015ft\u0131r. Onlar\u0131n korunmas\u0131 O\u2019na zor gelmez. O pek Y\u00fccedir, pek B\u00fcy\u00fckt\u00fcr.<\/p>\n\n\n\n<p><em>Bakara (S\u0131\u011f\u0131r) Suresi<\/em><\/p>\n\n\n\n<p>285 \u2013 El\u00e7i, Rabbinden kendisine indirilene inand\u0131, inananlar da\u2026 Hepsi Allah\u2019a, meleklerine, kitaplar\u0131na, el\u00e7ilerine inanm\u0131\u015flard\u0131r: \u201cAllah\u2019\u0131n el\u00e7ilerinin hi\u00e7birisi aras\u0131nda ay\u0131r\u0131m yapmay\u0131z. \u0130\u015fittik ve itaat ettik. Rabbimiz ! Ba\u011f\u0131\u015fla bizi, d\u00f6n\u00fc\u015f Sana\u2019d\u0131r.\u201d dediler.<br>286 \u2013 Allah hi\u00e7bir benli\u011fe kapasitesinin haricinde bir y\u00fck y\u00fcklemez. Herkesin kendi yapt\u0131\u011f\u0131 lehine, kendi yapt\u0131klar\u0131 aleyhinedir: \u201cRabbimiz ! Unutur ya da yan\u0131l\u0131rsak, bizi sorumlu tutma. Rabbimiz ! Bize, bizden \u00f6ncekilere y\u00fckledi\u011fin gibi a\u011f\u0131r y\u00fck y\u00fckleme. Rabbimiz ! G\u00fcc\u00fcm\u00fcz\u00fcn yetmeyeceklerini bize ta\u015f\u0131tma. Bizi affet, bizi ba\u011f\u0131\u015fla, bize \u015fefkat g\u00f6ster. Sen bizim dostumuzsun. \u0130nkarc\u0131lar toplulu\u011funa kar\u015f\u0131 bize yard\u0131m et.<\/p>\n\n\n\n<p><em>Bakara (S\u0131\u011f\u0131r) Suresi<\/em><\/p>\n\n\n\n<p>8 \u2013 \u201c Rabbimiz ! Bizi do\u011fruya ilettikten sonra kalplerimizi e\u011friltme ve kat\u0131ndan bize rahmet ba\u011f\u0131\u015fla. Ger\u00e7ekten ba\u011f\u0131\u015f\u0131 en \u00e7ok olan Sensin, Sen.<br>9 \u2013 Rabbimiz ! Varl\u0131\u011f\u0131nda \u015f\u00fcphe bulunmayan bir g\u00fcnde insanlar\u0131 mutlaka Sen toplayacaks\u0131n.\u201d Ger\u00e7ekten de Allah vaadinden d\u00f6nmez.<\/p>\n\n\n\n<p><em>Ali \u0130mran (\u0130mran Ailesi) Suresi<\/em><\/p>\n\n\n\n<p>16 \u2013 Rabbimiz ! \u015e\u00fcphesiz biz inand\u0131k, g\u00fcnahlar\u0131m\u0131z\u0131 ba\u011f\u0131\u015fla, ate\u015f azab\u0131ndan koru bizi.<\/p>\n\n\n\n<p><em>Ali \u0130mran (\u0130mran Ailesi) Suresi<\/em><\/p>\n\n\n\n<p>26 \u2013 \u201cEy y\u00f6netimin sahibi Allah\u2019\u0131m, Sen y\u00f6netimi istedi\u011fine verirsin ve istedi\u011finden y\u00f6netimi \u00e7ekip al\u0131rs\u0131n. \u0130stedi\u011fini \u00fcst\u00fcn k\u0131lar, istedi\u011fini al\u00e7alt\u0131rs\u0131n. Hay\u0131rlar senin elindedir. Ger\u00e7ekten de Sen her \u015feye g\u00fcc\u00fc yetensin.<br>27 \u2013 Geceyi g\u00fcnd\u00fcze ba\u011flars\u0131n, g\u00fcnd\u00fcz\u00fc de geceye ba\u011flars\u0131n. Diriyi \u00f6l\u00fcden \u00e7\u0131kar\u0131rs\u0131n, \u00f6l\u00fcy\u00fc diriden \u00e7\u0131kar\u0131rs\u0131n. Sen istedi\u011fini hesaps\u0131zca r\u0131z\u0131kland\u0131r\u0131rs\u0131n.<\/p>\n\n\n\n<p><em>Ali \u0130mran (\u0130mran Ailesi) Suresi<\/em><\/p>\n\n\n\n<p>53 \u2013 Rabbimiz ! Biz indirdi\u011fine inand\u0131k ve el\u00e7iye uyduk. Bizi tan\u0131klarla beraber yaz.<\/p>\n\n\n\n<p><em>Ali \u0130mran (\u0130mran Ailesi) Suresi<\/em><\/p>\n\n\n\n<p>147 \u2013 Rabbimiz ! G\u00fcnahlar\u0131m\u0131z\u0131 ve ta\u015fk\u0131nl\u0131klar\u0131m\u0131z\u0131 ba\u011f\u0131\u015fla, ayaklar\u0131m\u0131z\u0131 sa\u011flam bast\u0131r ve inkarc\u0131lar toplulu\u011funa kar\u015f\u0131 bize yard\u0131m et .<\/p>\n\n\n\n<p><em>Ali \u0130mran (\u0130mran Ailesi) Suresi<\/em><br>191 \u2013 Onlar ayakta, otururken, yan yatarken hep Allah\u2019\u0131 hat\u0131rlarlar.<\/p>\n\n\n\n<p>Evren\u2019in ve yerin yarat\u0131l\u0131\u015f\u0131 konusunda derin derin d\u00fc\u015f\u00fcn\u00fcrler: \u201cRabbimiz ! Sen bunlar\u0131 bo\u015funa yaratmad\u0131n. Sen pek y\u00fccesin, bizi ate\u015f azab\u0131ndan koru.\u201d<br>192 \u2013 \u201cRabbimiz ! \u015e\u00fcphesiz Sen birini ate\u015fe soktun mu onu tam rezil etmi\u015fsindir. Zalimlerin yard\u0131mc\u0131lar\u0131 olmayacakt\u0131r.\u201d<br>193 \u2013 \u201cRabbimiz ! Bir davet\u00e7inin Rabbinize inan\u0131n diye inanmaya \u00e7a\u011f\u0131rd\u0131\u011f\u0131n\u0131 i\u015fittik ve inand\u0131k. Rabbimiz ! G\u00fcnahlar\u0131m\u0131z\u0131 ba\u011f\u0131\u015fla, k\u00f6t\u00fcl\u00fcklerimizi \u00f6rt ve bizim can\u0131m\u0131z\u0131 iyilerle birlikte al.\u201d<br>194 \u2013 \u201cRabbimiz ! El\u00e7ilerine vaat etti\u011fini bize ver. Dirili\u015f g\u00fcn\u00fcnde bizi rezil etme. Sen vaadinden d\u00f6nmezsin.<\/p>\n\n\n\n<p><em>Ali \u0130mran (\u0130mran Ailesi) Suresi<\/em><\/p>\n\n\n\n<p>1 \u2013 \u00d6vg\u00fc Allah\u2019ad\u0131r .O ki g\u00f6kleri ve yeri yaratm\u0131\u015ft\u0131r, karanl\u0131\u011f\u0131 ve \u0131\u015f\u0131\u011f\u0131 var etmi\u015ftir.Buna ra\u011fmen inkarc\u0131lar Rablerini ba\u015fkalar\u0131 ile denk tutuyorlar.<\/p>\n\n\n\n<p><em>Enam (Davar) Suresi<\/em><\/p>\n\n\n\n<p>162 \u2013 De ki : \u201cBenim namaz\u0131m, ibadetlerim, hayat\u0131m ve \u00f6l\u00fcm\u00fcm alemlerin Rabbi olan Allah i\u00e7indir.<\/p>\n\n\n\n<p><em>Enam (Davar) Suresi<\/em><\/p>\n\n\n\n<p>23 \u2013 Dediler ki : \u201cRabbimiz ! Kendimize zul\u00fcm ettik. E\u011fer bizi affetmez, bize \u015fefkat g\u00f6stermezsen elbette ki kaybedenlerden olaca\u011f\u0131z.\u201d<\/p>\n\n\n\n<p><em>Araf (Orta Yer) Suresi<\/em><\/p>\n\n\n\n<p>126 \u2013 Rabbimiz ! \u00dczerimize sab\u0131r ya\u011fd\u0131r. Can\u0131m\u0131z\u0131 teslim olanlar olarak al.<\/p>\n\n\n\n<p><em>Araf (Orta Yer) Suresi<\/em><\/p>\n\n\n\n<p>155 \u2013 Sen bizim dostumuzsun. \u00d6yleyse bizi ba\u011f\u0131\u015fla, bize \u015fefkat g\u00f6ster, sen ba\u011f\u0131\u015flayanlar\u0131n en hay\u0131rl\u0131s\u0131s\u0131n.<br>156 \u2013 Bize hem bu d\u00fcnyada, hem de ahirette g\u00fczellik yaz. \u015e\u00fcphesiz ki biz sana y\u00f6neldik.<\/p>\n\n\n\n<p><em>Araf (Orta Yer) Suresi<\/em><\/p>\n\n\n\n<p>85 \u2013 Biz yaln\u0131z Allah\u2019a dayand\u0131k. Rabbimiz ! Bizi zul\u00fcm eden bir toplum i\u00e7in bir fitne yapma.<br>86 \u2013 Ve rahmetinle bizi inkarc\u0131lar toplulu\u011fundan kurtar.<\/p>\n\n\n\n<p><em>Yunus (Yunus) Suresi<\/em><\/p>\n\n\n\n<p>47 \u2013 Rabbim! Bilgim olmayan \u015feyi Senden istemekten Sana s\u0131\u011f\u0131n\u0131r\u0131m. Ve e\u011fer beni ba\u011f\u0131\u015flamazsan ve bana \u015fefkat g\u00f6stermezsen kaybedenlerden olurum.<\/p>\n\n\n\n<p><em>Hud (Hud) Suresi<\/em><\/p>\n\n\n\n<p>101 \u2013 Rabbim! Sen bana y\u00f6neticilik verdin ve s\u00f6zlerin yorumunu \u00f6\u011frettin. G\u00f6klerin ve yery\u00fcz\u00fcn\u00fcn Yarat\u0131c\u0131s\u0131, d\u00fcnyada ve ahirette benim dostum Sen\u2019sin. Benim can\u0131m\u0131 sana teslim olmu\u015f olarak al ve beni iyilerin aras\u0131na kat.<\/p>\n\n\n\n<p><em>Yusuf (Yusuf) Suresi<\/em><\/p>\n\n\n\n<p>38 \u2013 Rabbimiz ! \u015e\u00fcphesiz Sen, bizim gizledi\u011fimizi de, a\u00e7\u0131klad\u0131\u011f\u0131m\u0131z\u0131 da bilirsin. Yery\u00fcz\u00fcnde ve g\u00f6ky\u00fcz\u00fcnde hi\u00e7bir \u015fey Allah\u2019a gizli kalmaz.<\/p>\n\n\n\n<p><em>\u0130brahim (\u0130brahim) Suresi<\/em><\/p>\n\n\n\n<p>40 \u2013 Rabbim ! Benim namaz\u0131 \u00f6zenle yerine getiren biri olmam\u0131 sa\u011fla. Soyumdan olanlar\u0131n da. Rabbimiz ! Duam\u0131 kabul et.<br>41 \u2013 Rabbimiz ! Hesab\u0131n g\u00f6r\u00fclece\u011fi g\u00fcn, beni , anne-babam\u0131 ve inananlar\u0131 ba\u011f\u0131\u015fla.<\/p>\n\n\n\n<p><em>\u0130brahim (\u0130brahim) Suresi<\/em><\/p>\n\n\n\n<p>80 \u2013 Rabbim ! Beni girece\u011fim yere d\u00fcr\u00fcstl\u00fckle sok, \u00e7\u0131kaca\u011f\u0131m yerden d\u00fcr\u00fcstl\u00fckle \u00e7\u0131kar. Ve bana kat\u0131ndan yard\u0131mc\u0131 bir g\u00fc\u00e7 ver.<\/p>\n\n\n\n<p><em>\u0130sra (Gece Y\u00fcr\u00fcy\u00fc\u015f\u00fc) Suresi<\/em><\/p>\n\n\n\n<p>111 \u2013 \u00d6vg\u00fc Allah\u2019ad\u0131r. O ki \u00e7ocuk edinmemi\u015ftir, y\u00f6netimde orta\u011f\u0131 yoktur ve acizlikten dolay\u0131 dost edinmemi\u015ftir.<\/p>\n\n\n\n<p><em>\u0130sra (Gece Y\u00fcr\u00fcy\u00fc\u015f\u00fc) Suresi<\/em><\/p>\n\n\n\n<p>10 \u2013 Rabbimiz ! Kat\u0131ndan bize rahmet ver ve bize bir kurtulu\u015f yolu g\u00f6ster.<\/p>\n\n\n\n<p><em>Kehf (Ma\u011fara) Suresi<\/em><\/p>\n\n\n\n<p>25 \u2013 Rabbim ! G\u00f6\u011fs\u00fcm\u00fc a\u00e7\u0131p geni\u015flet.<br>26 \u2013 \u0130\u015fimi kolayla\u015ft\u0131r.<br>27 \u2013 Dilimdeki d\u00fc\u011f\u00fcm\u00fc \u00e7\u00f6z<br>28 \u2013 Ki s\u00f6yleyeceklerimi kavras\u0131nlar.<\/p>\n\n\n\n<p><em>Taha (Taha) Suresi<\/em><\/p>\n\n\n\n<p>114 \u2013 Rabbim ! Bilgimi artt\u0131r.<\/p>\n\n\n\n<p><em>Taha (Taha) Suresi<\/em><\/p>\n\n\n\n<p>87 \u2013 Senden ba\u015fka tanr\u0131 yok, y\u00fcceltirim Seni. Ben zalimlerden oldum.<\/p>\n\n\n\n<p><em>Enbiya (Peygamberler) Suresi<\/em><\/p>\n\n\n\n<p>89 \u2013 Rabbim ! Beni yapayaln\u0131z b\u0131rakma. Sen miras\u00e7\u0131lar\u0131n en hay\u0131rl\u0131s\u0131s\u0131n.<\/p>\n\n\n\n<p><em>Enbiya (Peygamberler) Suresi<\/em><\/p>\n\n\n\n<p>28 \u2013 Bizi zalimler toplulu\u011fundan kurtaran Allah\u2019a \u00f6vg\u00fcler olsun.<br>29 \u2013 Rabbim ! Beni bereketli bir yere indir. Sen indirenlerin en hay\u0131rl\u0131s\u0131s\u0131n.<\/p>\n\n\n\n<p><em>Muminun (\u0130nananlar) Suresi<\/em><\/p>\n\n\n\n<p>94 \u2013 Rabbim ! Beni o zalim toplumun i\u00e7inde tutma.<\/p>\n\n\n\n<p><em>Muminun (\u0130nananlar) Suresi<\/em><\/p>\n\n\n\n<p>97 \u2013 Rabbim ! \u015eeytanlar\u0131n k\u0131\u015fk\u0131rtmalar\u0131ndan Sana s\u0131\u011f\u0131n\u0131r\u0131m.<br>98 \u2013 Ve onlar\u0131n benim yan\u0131mda bulunmalar\u0131ndan da Sana s\u0131\u011f\u0131n\u0131r\u0131m, Rabbim.<\/p>\n\n\n\n<p><em>Muminun (\u0130nananlar) Suresi<\/em><\/p>\n\n\n\n<p>109 \u2013 Rabbimiz ! \u0130nand\u0131k, bizi affet, bize merhamet et, sen \u015fefkat g\u00f6sterenlerin en hay\u0131rl\u0131s\u0131s\u0131n.<\/p>\n\n\n\n<p><em>Muminun (\u0130nananlar) Suresi<\/em><\/p>\n\n\n\n<p>118 \u2013 Rabbim ! Bizi affet, bize merhamet et, sen \u015fefkat g\u00f6sterenlerin en hay\u0131rl\u0131s\u0131s\u0131n.<\/p>\n\n\n\n<p><em>Muminun (\u0130nananlar) Suresi<\/em><\/p>\n\n\n\n<p>65 \u2013 Rabbimiz ! Cehennem cezas\u0131n\u0131 bizden uzak tut. Ger\u00e7ekten de onun azab\u0131 inat\u00e7\u0131 ve yap\u0131\u015fkand\u0131r.<br>66 \u2013 \u015e\u00fcphesiz o k\u00f6t\u00fc bir durak yeridir ve k\u00f6t\u00fc bir konaklama yeridir.<\/p>\n\n\n\n<p><em>Furkan (Ay\u0131r\u0131c\u0131) Suresi<\/em><\/p>\n\n\n\n<p>74 \u2013 Rabbimiz ! E\u015flerimizi ve \u00e7ocuklar\u0131m\u0131z\u0131 mutluluk kayna\u011f\u0131 olarak bize arma\u011fan et ve bizi, sak\u0131nanlara \u00f6nder k\u0131l.<\/p>\n\n\n\n<p><em>Furkan (Ay\u0131r\u0131c\u0131) Suresi<\/em><\/p>\n\n\n\n<p>83 \u2013 Rabbim ! Bana bilgelik ver ve beni iyilerin aras\u0131na kat.<br>84 \u2013 Sonradan geleceklerin dilinde do\u011frulukla an\u0131lmam\u0131 sa\u011fla.<br>85 \u2013 Beni nimetlerle donat\u0131lm\u0131\u015f cennetin miras\u00e7\u0131lar\u0131ndan yap.<\/p>\n\n\n\n<p><em>\u015euara (\u015eairler) Suresi<\/em><\/p>\n\n\n\n<p>87 \u2013 Ve beni dirili\u015f g\u00fcn\u00fcnde utand\u0131rma.<br>88 \u2013 O g\u00fcn, mal\u0131n da, \u00e7ocuklar\u0131n da faydas\u0131 olmaz.<br>89 \u2013 Ancak Allah\u2019a d\u00fczg\u00fcn bir kalp ile gelen hari\u00e7tir.<\/p>\n\n\n\n<p><em>\u015euara (\u015eairler) Suresi<\/em><\/p>\n\n\n\n<p>19 \u2013 Rabbim ! Beni, anne ve babama ba\u011f\u0131\u015flad\u0131\u011f\u0131n nimete \u015f\u00fckretmeye ve ho\u015fnut olaca\u011f\u0131n iyi i\u015fler yapmaya y\u00f6nelt. Merhametinle beni iyi kullar\u0131n\u0131n aras\u0131na sok.<\/p>\n\n\n\n<p><em>Neml (Kar\u0131nca) Suresi<\/em><\/p>\n\n\n\n<p>40 \u2013 Bu Rabbimin bir arma\u011fan\u0131d\u0131r. O\u2019na \u015f\u00fck\u00fcr m\u00fc edece\u011fim, yoksa nank\u00f6rl\u00fck m\u00fc edece\u011fim diye beni s\u0131namaktad\u0131r. \u015e\u00fckreden kendisi i\u00e7in \u015f\u00fckretmi\u015f olur. Nank\u00f6rl\u00fck eden de bilsin ki Rabbim Zengindir, C\u00f6merttir.<\/p>\n\n\n\n<p><em>Neml (Kar\u0131nca) Suresi<\/em><\/p>\n\n\n\n<p>24 \u2013 Rabbim! Ger\u00e7ekten de bana verece\u011fin her hayra muhtac\u0131m.<\/p>\n\n\n\n<p><em>Kasas (Tarihi vakalar) Suresi<\/em><\/p>\n\n\n\n<p>30 \u2013 Rabbim ! \u015eu bozguncular toplulu\u011funa kar\u015f\u0131 bana yard\u0131m et.<\/p>\n\n\n\n<p><em>Ankebut (Di\u015fi \u00d6r\u00fcmcek) Suresi<\/em><\/p>\n\n\n\n<p>1 \u2013 \u00d6vg\u00fc, g\u00f6klerde ve yery\u00fcz\u00fcnde bulunanlar\u0131n hepsi kendisine ait olan Allah\u2019ad\u0131r. Ahirette de \u00f6vg\u00fc O\u2019nad\u0131r. O Bilgedir, Haber Aland\u0131r.<br>2 \u2013 Yerin i\u00e7ine gireni, oradan \u00e7\u0131kan\u0131, g\u00f6kten ineni ve oraya y\u00fckseleni bilir. O \u015eefkatlidir, Ba\u011f\u0131\u015flayand\u0131r.<\/p>\n\n\n\n<p><em>Sebe (Sebe) Suresi<\/em><\/p>\n\n\n\n<p>34 \u2013 Bizden \u00fcz\u00fcnt\u00fcy\u00fc gideren Allah\u2019a \u00f6vg\u00fcler olsun. Rabbimiz, ger\u00e7ekten de Ba\u011f\u0131\u015flayand\u0131r, Takdir Edendir.<br>35 \u2013 O ki bir arma\u011fan olarak bizi kal\u0131nacak bir yurda yerle\u015ftirdi. Orada ne bir yorulma, ne de bir b\u0131kk\u0131nl\u0131k duyar\u0131z.<\/p>\n\n\n\n<p><em>Fat\u0131r (Yaratan) Suresi<\/em><\/p>\n\n\n\n<p>100 \u2013 Rabbim bana iyi birini ba\u011f\u0131\u015fla.<\/p>\n\n\n\n<p><em>Saffat (Saf Tutanlar) Suresi<\/em><\/p>\n\n\n\n<p>46 \u2013 G\u00f6kleri ve yeri yaratan, duyu organlar\u0131yla alg\u0131lanamayan\u0131 ve alg\u0131lanabilenleri bilen Tanr\u0131m! Kullar\u0131n\u0131n anla\u015fmazl\u0131\u011fa d\u00fc\u015ft\u00fckleri konularda Sen karar vereceksin.<\/p>\n\n\n\n<p><em>Z\u00fcmer (Y\u0131\u011f\u0131nlar) Suresi<\/em><\/p>\n\n\n\n<p>7 \u2013 Rabbimiz ! Rahmetin ve bilgin her \u015feyi ku\u015fatm\u0131\u015ft\u0131r. T\u00f6vbe edenleri ve senin yoluna uyanlar\u0131 ba\u011f\u0131\u015fla ve onlar\u0131 cehennem azab\u0131ndan koru.<br>8 \u2013 Rabbimiz ! Onlar\u0131 kendilerine vaat etti\u011fin Adn cennetlerine koy. Atalar\u0131ndan, e\u015flerinden ve soylar\u0131ndan iyi olanlar\u0131 da. \u015e\u00fcphesiz Sen \u00dcst\u00fcns\u00fcn, Bilgesin.<br>9 \u2013 Ve onlar\u0131 k\u00f6t\u00fcl\u00fcklerden koru. O g\u00fcn kimi k\u00f6t\u00fcl\u00fcklerden korursan ger\u00e7ekten ona merhamet etmi\u015fsindir. \u0130\u015fte b\u00fcy\u00fck kurtulu\u015f budur.<\/p>\n\n\n\n<p><em>M\u00fcmin (\u0130nanan) Suresi<\/em><\/p>\n\n\n\n<p>15 \u2013 Rabbim ! Beni, anne ve babama verdi\u011fin nimetlere \u015f\u00fckretmeye, ho\u015fnut olaca\u011f\u0131n iyi i\u015fler yapmaya y\u00f6nelt. Benim soyumu \u0131slah et. Ben ba\u011f\u0131\u015flanma dileyip, Sana teslim olanlardan\u0131m.<\/p>\n\n\n\n<p><em>Ahkaf (Kum Tepeleri) Suresi<\/em><\/p>\n\n\n\n<p>10 \u2013 Rabbimiz ! Bizi ve bizden \u00f6nce inanm\u0131\u015f olan karde\u015flerimizi affet ve kalplerimizde inananlara kar\u015f\u0131 bir kin b\u0131rakma. Rabbimiz sen Esirgeyensin, \u015eefkatlisin.<\/p>\n\n\n\n<p><em>Ha\u015fr (Toplanma) Suresi<\/em><\/p>\n\n\n\n<p>22 \u2013 O Allah ki O\u2019ndan ba\u015fka tanr\u0131 yoktur. Duyu organlar\u0131yla alg\u0131lanamayan\u0131 da alg\u0131lanabileni de bilen O\u2019dur. O Merhametlidir, \u015eefkatlidir.<br>23 \u2013 O Allah ki O\u2019ndan ba\u015fka tanr\u0131 yoktur. O H\u00fckmedendir, Kutsald\u0131r, G\u00fcvenilirdir, \u0130nanc\u0131n Kayna\u011f\u0131d\u0131r, Koruyand\u0131r, Zorlayand\u0131r, Azametlidir. Allah onlar\u0131n ortak ko\u015ftuklar\u0131ndan \u00e7ok y\u00fccedir.<br>24 \u2013 O Allah\u2019t\u0131r. Yaratan, Var Eden, Bi\u00e7im Veren O\u2019dur. En g\u00fczel isimler O\u2019nundur. G\u00f6klerde ve yerde ne varsa O\u2019nu y\u00fcceltir. O \u00dcst\u00fcnd\u00fcr, Bilgedir.<\/p>\n\n\n\n<p><em>Ha\u015fr (Toplanma) Suresi<\/em><\/p>\n\n\n\n<p>4 \u2013 Rabbimiz ! Biz Sana dayan\u0131yoruz ve Sana y\u00f6neliyoruz. D\u00f6n\u00fc\u015f Sana\u2019d\u0131r.<br>5 \u2013 Rabbimiz ! Bizi inkarc\u0131lar i\u00e7in bir fitne arac\u0131 yapma, bizi affet. Rabbimiz ! Sen \u00dcst\u00fcns\u00fcn, Bilgesin.<\/p>\n\n\n\n<p><em>M\u00fcmtehine (Sorgulanan) Suresi<\/em><\/p>\n\n\n\n<p>8 \u2013 Rabbimiz ! Bizim \u0131\u015f\u0131\u011f\u0131m\u0131z\u0131 tamamla ve bizi affet. Sen her \u015feye g\u00fcc\u00fc yetensin.<\/p>\n\n\n\n<p><em>Tahrim (Yasaklama) Suresi<\/em><\/p>\n\n\n\n<p>28 \u2013 Rabbim ! Beni, anne-babam\u0131, inanm\u0131\u015f olarak evime gireni, inanan erkekleri ve inanan kad\u0131nlar\u0131 affet. Zalimlerin ise ancak y\u0131k\u0131mlar\u0131n\u0131 artt\u0131r.<\/p>\n\n\n\n<p><em>Nuh (Nuh) Suresi<\/em><\/p>\n\n\n\n<p>1 \u2013 De ki : A\u00e7\u0131l\u0131\u015f\u0131n Rabbine s\u0131\u011f\u0131n\u0131r\u0131m.<br>2 \u2013 Yaratt\u0131klar\u0131n\u0131n k\u00f6t\u00fcl\u00fc\u011f\u00fcnden.<br>3 \u2013 \u00c7\u00f6kt\u00fc\u011f\u00fc zaman karanl\u0131\u011f\u0131n k\u00f6t\u00fcl\u00fc\u011f\u00fcnden.<br>4 \u2013 D\u00fc\u011f\u00fcmlere \u00fcfleyenlerin k\u00f6t\u00fcl\u00fc\u011f\u00fcnden.<br>5 \u2013 K\u0131skand\u0131\u011f\u0131 zaman k\u0131skanc\u0131n k\u00f6t\u00fcl\u00fc\u011f\u00fcnden.<\/p>\n\n\n\n<p><em>Felak (A\u00e7\u0131lma) Suresi<\/em><\/p>\n\n\n\n<p>1 \u2013 De ki : \u0130nsanlar\u0131n Rabbine s\u0131\u011f\u0131n\u0131r\u0131m.<br>2 \u2013 \u0130nsanlar\u0131n H\u00fckmedenine.<br>3 \u2013 \u0130nsanlar\u0131n Tanr\u0131s\u0131na.<br>4 \u2013 Sinsi f\u0131s\u0131lday\u0131c\u0131n\u0131n k\u00f6t\u00fcl\u00fc\u011f\u00fcnden.<br>5 \u2013 O insanlar\u0131n g\u00f6\u011f\u00fcslerine f\u0131s\u0131ldar.<br>6 \u2013 O cinlerden de, insanlardan da olur.<\/p>\n\n\n\n<p><em>Nas (\u0130nsanlar) Suresi<\/em><\/p>\n","protected":false},"excerpt":{"rendered":"<p>5 \u2013 Yaln\u0131z sana kulluk eder, yaln\u0131z senden yard\u0131m isteriz.6 \u2013 Bizi do\u011fru yola ilet.7 \u2013 Kendilerine nimet verdiklerinin yoluna. Gazaba u\u011frayanlar\u0131n ve do\u011fruluktan sapm\u0131\u015f olanlar\u0131nkine de\u011fil. Fatiha (A\u00e7\u0131l\u0131\u015f) Suresi 32 \u2013 Sen Y\u00fccesin, bize \u00f6\u011fretti\u011finden ba\u015fka bilgimiz yoktur. Ger\u00e7ekten sen her \u015feyi Bilensin, Bilgesin. Bakara (S\u0131\u011f\u0131r) Suresi 127 \u2013 \u0130brahim, \u0130smail ile birlikte evin [&hellip;]<\/p>\n","protected":false},"author":1,"featured_media":0,"parent":0,"menu_order":0,"comment_status":"closed","ping_status":"closed","template":"","meta":{"footnotes":""},"class_list":["post-245","page","type-page","status-publish","hentry"],"_links":{"self":[{"href":"https:\/\/www.kurandakidualar.com\/index.php?rest_route=\/wp\/v2\/pages\/245","targetHints":{"allow":["GET"]}}],"collection":[{"href":"https:\/\/www.kurandakidualar.com\/index.php?rest_route=\/wp\/v2\/pages"}],"about":[{"href":"https:\/\/www.kurandakidualar.com\/index.php?rest_route=\/wp\/v2\/types\/page"}],"author":[{"embeddable":true,"href":"https:\/\/www.kurandakidualar.com\/index.php?rest_route=\/wp\/v2\/users\/1"}],"replies":[{"embeddable":true,"href":"https:\/\/www.kurandakidualar.com\/index.php?rest_route=%2Fwp%2Fv2%2Fcomments&post=245"}],"version-history":[{"count":1,"href":"https:\/\/www.kurandakidualar.com\/index.php?rest_route=\/wp\/v2\/pages\/245\/revisions"}],"predecessor-version":[{"id":250,"href":"https:\/\/www.kurandakidualar.com\/index.php?rest_route=\/wp\/v2\/pages\/245\/revisions\/250"}],"wp:attachment":[{"href":"https:\/\/www.kurandakidualar.com\/index.php?rest_route=%2Fwp%2Fv2%2Fmedia&parent=245"}],"curies":[{"name":"wp","href":"https:\/\/api.w.org\/{rel}","templated":true}]}}