{"id":298,"date":"2020-09-21T11:12:28","date_gmt":"2020-09-21T11:12:28","guid":{"rendered":"http:\/\/www.kurandakidualar.com\/?page_id=298"},"modified":"2020-09-21T14:09:39","modified_gmt":"2020-09-21T14:09:39","slug":"sizden-gelenler","status":"publish","type":"page","link":"https:\/\/www.kurandakidualar.com\/?page_id=298","title":{"rendered":"S\u0130ZDEN GELENLER"},"content":{"rendered":"\n<div class=\"wp-block-columns is-layout-flex wp-container-core-columns-is-layout-9d6595d7 wp-block-columns-is-layout-flex\">\n<div class=\"wp-block-column is-layout-flow wp-block-column-is-layout-flow\">\n<h2 class=\"wp-block-heading\">Dua Etmek ve Dualar\u0131n Kabul\u00fc<\/h2>\n\n\n\n<figure class=\"wp-block-image size-large\"><img loading=\"lazy\" decoding=\"async\" width=\"650\" height=\"568\" src=\"https:\/\/www.kurandakidualar.com\/wp-content\/uploads\/2020\/09\/6f6dbd2c00bd280b5e991b660d9dfad9-1.jpg\" alt=\"\" class=\"wp-image-344\" srcset=\"https:\/\/www.kurandakidualar.com\/wp-content\/uploads\/2020\/09\/6f6dbd2c00bd280b5e991b660d9dfad9-1.jpg 650w, https:\/\/www.kurandakidualar.com\/wp-content\/uploads\/2020\/09\/6f6dbd2c00bd280b5e991b660d9dfad9-1-300x262.jpg 300w\" sizes=\"auto, (max-width: 650px) 100vw, 650px\" \/><\/figure>\n\n\n\n<p>Kur&#8217;an&#8217;\u0131 Kerim ayetlerinde pek \u00e7ok kez, Allah&#8217;a g\u00f6n\u00fclden teslim olan kullar olarak dua etmek ve Allah&#8217;\u0131n y\u00fcceli\u011fini ifade etmek emredilmi\u015ftir. Dua mana itibariyle \u00e7a\u011f\u0131rmak, seslenmek, istemek; yard\u0131m talep etmek gibi anlamlara gelmektedir. Dua kulun Allah&#8217;a olan bir y\u00f6neli\u015fidir. Dua kul \u00fczerinde psikolojik manada bir rahatlama, huzur ve g\u00f6n\u00fcl tatmini do\u011furur. Duada Allah ile kul aras\u0131nda bir vas\u0131ta yoktur. Kul, Yaratan\u0131na halini arz eder ve niyazda bulunur. Bu y\u00fczden kul a\u00e7\u0131s\u0131ndan dua etmek olduk\u00e7a \u00f6nemli bir ibadettir. Bizim i\u00e7in ger\u00e7ek manada neyin hay\u0131rl\u0131 olaca\u011f\u0131n\u0131 sadece Allah bilmektedir. Bizim zahiren hay\u0131r g\u00f6rd\u00fc\u011f\u00fcm\u00fcz ve istedi\u011fimiz bir \u015fey asl\u0131nda hay\u0131rl\u0131 olmayabilir. Bu durum pek \u00e7ok insan\u0131n ba\u015f\u0131na gelmi\u015f ve gelmekte olan bir husustur. Bu y\u00fczden Allah bazen bizim i\u00e7in hay\u0131rl\u0131 olmayacak bir \u015feyi nasip etmedi\u011fi gibi hay\u0131rl\u0131 olacak olsa da kulunu sab\u0131r imtihan\u0131na tutmak i\u00e7in istedi\u011fimiz \u015feyi nasip etmeyebilir. T\u00fcm bunlardan dolay\u0131 dua etmekte ve Allah&#8217;a g\u00f6n\u00fclden ba\u011flanmakta \u0131srarl\u0131 ve samimi olmak gerekmektedir. Olaya dua ettim ama kabul olmad\u0131 \u015feklinde yakla\u015fmak bir m\u00fcmine yak\u0131\u015fan tav\u0131r de\u011fildir. Her \u015feyde hay\u0131r aramak ve tatmin olmak en do\u011fru olan\u0131d\u0131r. Duan\u0131n samimiyet i\u00e7erisinde ve ne s\u00f6ylendi\u011finin bilinerek yap\u0131lmas\u0131 amac\u0131na daha uygun olacakt\u0131r. Allah kullar\u0131nda bazen t\u00fcrl\u00fc imtihanlarla zorluk ve s\u0131k\u0131nt\u0131larla s\u0131nar. Bazen de insanlar bu d\u00fcnya hayat\u0131nda yapm\u0131\u015f olduklar\u0131 bir tak\u0131m hatalar\u0131n bedelini \u00f6derler. Her ne durumda olunursa olunsun Allah&#8217;tan yard\u0131m dilemeyi ve Allah&#8217;a y\u00f6nelmeyi hayat\u0131n temel prensibi edinmek gerekir. Kul Allah&#8217;a dayan\u0131p g\u00fcvenirse ve ger\u00e7ek dost sadece Allah&#8217;\u0131 bilirse mutlaka yard\u0131m g\u00f6recektir. Ancak pek \u00e7ok ki\u015fide g\u00f6r\u00fcld\u00fc\u011f\u00fc gibi Allah&#8217;\u0131 sadece zor zamanlarda hat\u0131rlamak ve \u00e7aresiz kal\u0131nd\u0131\u011f\u0131nda O&#8217;na dua etmek yanl\u0131\u015f bir tutumdur. Zorda ve \u00e7aresiz kald\u0131\u011f\u0131 anlarda Allah&#8217;a yakardan sonra s\u0131k\u0131nt\u0131s\u0131 giderili\u011finde tekrardan eski hayat\u0131na d\u00f6nerek adeta Allah&#8217;\u0131 adeta unutan pek \u00e7ok \u00e7ok \u00f6rnekle kar\u015f\u0131la\u015f\u0131r\u0131z. Bu gibi \u00f6rnekler tekrardan \u00e7aresiz kalana kadar Allah&#8217;\u0131 hi\u00e7 d\u00fc\u015f\u00fcnmez ve hatalardan uzak durmazlar. Oysa Kulun Allah&#8217;a muhta\u00e7 olmad\u0131\u011f\u0131 tek bir an dahi yoktur.<\/p>\n\n\n\n<p>Dualar g\u00f6n\u00fclden ve samimi bir bi\u00e7imde yap\u0131ld\u0131\u011f\u0131nda Allah mutlaka en olumlu ve g\u00fczel bir bi\u00e7imde cevap verecektir. Dualar d\u00fcnyevi maddi isteklerden \u00e7ok hem bu d\u00fcnya hayat\u0131nda hem de ahirette hay\u0131rl\u0131 iman ve ihlas sahibi kullardan olunmas\u0131n\u0131n dilenmesi ve Allah&#8217;\u0131n bize sunmu\u015f oldu\u011fu say\u0131s\u0131z nimet ve imkandan dolay\u0131 \u015f\u00fckredilmesi daha uygun bir tutum olacakt\u0131r. \u0130stenilen mal ve m\u00fclk \u015fayet ki\u015fiyi bu d\u00fcnya hayat\u0131nda sapt\u0131racak ve azg\u0131nl\u0131k yapmas\u0131na sebep olacaksa b\u00f6yle bir ki\u015fi i\u00e7in sahip oldu\u011fu ve olaca\u011f\u0131 mal\u0131n \u015ferden ba\u015fka bir taraf\u0131 bulunmamaktad\u0131r. Kula d\u00fc\u015fen Allah&#8217;a g\u00f6n\u00fclden ba\u011flanarak dua etmektir. Neyin hay\u0131rl\u0131 oldu\u011fu ya da neyin nasip olaca\u011f\u0131 sadece Allah bilgisindedir. Dua&#8217;da korku ve \u00fcmit bir arada bulunmal\u0131d\u0131r. Zira Kur&#8217;an&#8217;\u0131 Kerim A&#8217;raf Suresi Ayet 56&#8217;da: &#8221;Allah&#8217;a korku ve \u00fcmitle dua edin&#8221; diye buyrulmaktad\u0131r. Allah&#8217;\u0131n r\u0131zas\u0131n\u0131 kaybetmekten, nefsin doymaz istekleri kar\u015f\u0131s\u0131nda kibirlenmekten korkmak ve Allah&#8217;\u0131n rahmet ve merhametine s\u0131\u011f\u0131narak \u00fcmit etmek gerekir. Dualar\u0131 i\u00e7ten ve samimi bir \u015fekilde yapmak, aceleye getirmemek gerekir. Hem kendimiz hem yak\u0131nlar\u0131m\u0131z hem de t\u00fcm inananlar i\u00e7in dua etmeye \u00e7al\u0131\u015f\u0131lmal\u0131 bu konuda c\u00f6mert davran\u0131p kendimiz i\u00e7in diledi\u011fimiz hay\u0131rlar di\u011fer samimi M\u00fcsl\u00fcmanlar i\u00e7in de dilenilip arzulanmal\u0131d\u0131r.<\/p>\n<\/div>\n\n\n\n<div class=\"wp-block-column is-layout-flow wp-block-column-is-layout-flow\">\n<div class=\"wp-block-columns is-layout-flex wp-container-core-columns-is-layout-9d6595d7 wp-block-columns-is-layout-flex\">\n<div class=\"wp-block-column is-layout-flow wp-block-column-is-layout-flow\">\n<h3 class=\"has-luminous-vivid-amber-color has-text-color wp-block-heading\">Sizden Gelenler<\/h3>\n\n\n\n<p><strong>Dualar\u0131n\u0131z\u0131 dualarkurandaki@gmail.com adresine mail atarsan\u0131z burada yay\u0131nlanacakt\u0131r.<\/strong><\/p>\n\n\n\n<blockquote class=\"wp-block-quote is-layout-flow wp-block-quote-is-layout-flow\"><p><\/p><cite><em>&#8211; L\u00fctfu bol olan Rabbim!<br>\u00d6yle bir g\u00fcn gelecek ki g\u00f6zlerimi d\u00fcnyada son kez kapat\u0131p Senin kar\u015f\u0131nda a\u00e7aca\u011f\u0131m.<br>L\u00fctfen o g\u00fcn gelince Sana kar\u015f\u0131 mah\u00e7up hissetmekten koru.<br>Raz\u0131 olaca\u011f\u0131n teslimiyetle ya\u015fay\u0131p yine o teslimiyetle yan\u0131na gelebilmeyi lutfet.<br>Sevgini hissedebilmeyi lutfet.<\/em><br><br>M.A.<\/cite><\/blockquote>\n\n\n\n<hr class=\"wp-block-separator\"\/>\n\n\n\n<blockquote class=\"wp-block-quote is-layout-flow wp-block-quote-is-layout-flow\"><p><em>&#8220;Rabbim sevmediklerini sevmekten,sevdiklerini sevmemekten sana s\u0131\u011f\u0131n\u0131r\u0131m&#8221;<\/em><\/p><\/blockquote>\n\n\n\n<p>E.T<\/p>\n\n\n\n<hr class=\"wp-block-separator\"\/>\n\n\n\n<p><em>&#8220;<strong>Rabbim<\/strong> h\u00fczn\u00fcm\u00fc ve mutlulu\u011fumu r\u0131zan ile ya\u015famay\u0131 nasip et.&#8221;<\/em><\/p>\n\n\n\n<p>E.T<\/p>\n\n\n\n<hr class=\"wp-block-separator\"\/>\n\n\n\n<blockquote class=\"wp-block-quote is-layout-flow wp-block-quote-is-layout-flow\"><p><em>Allah&#8217;\u0131m kalplere h\u00fckmeden sensin. Hay\u0131rl\u0131 olan\u0131n sevgisini koy i\u00e7ime, o sevgiyi g\u00fczelle\u015ftir, b\u00fcy\u00fct, var et. Hislerimi fark ettir bana, ya\u015famama izin ver, \u015feytan\u0131n vesvesesinden koru beni. Sen&#8217;den, Sen&#8217;in h\u00fckm\u00fcnden raz\u0131 k\u0131l beni.<\/em><\/p><\/blockquote>\n\n\n\n<p>M.B<\/p>\n<\/div>\n\n\n\n<div class=\"wp-block-column is-layout-flow wp-block-column-is-layout-flow\"><form role=\"search\" method=\"get\" action=\"https:\/\/www.kurandakidualar.com\/\" class=\"wp-block-search__button-outside wp-block-search__text-button wp-block-search\"    ><label class=\"wp-block-search__label\" for=\"wp-block-search__input-1\" >Ara<\/label><div class=\"wp-block-search__inside-wrapper\" ><input class=\"wp-block-search__input\" id=\"wp-block-search__input-1\" placeholder=\"\" value=\"\" type=\"search\" name=\"s\" required \/><button aria-label=\"Git\" class=\"wp-block-search__button wp-element-button\" type=\"submit\" >Git<\/button><\/div><\/form>\n\n<div class=\"wp-block-calendar\"><table id=\"wp-calendar\" class=\"wp-calendar-table\">\n\t<caption>April 2026<\/caption>\n\t<thead>\n\t<tr>\n\t\t<th scope=\"col\" aria-label=\"Monday\">M<\/th>\n\t\t<th scope=\"col\" aria-label=\"Tuesday\">T<\/th>\n\t\t<th scope=\"col\" aria-label=\"Wednesday\">W<\/th>\n\t\t<th scope=\"col\" aria-label=\"Thursday\">T<\/th>\n\t\t<th scope=\"col\" aria-label=\"Friday\">F<\/th>\n\t\t<th scope=\"col\" aria-label=\"Saturday\">S<\/th>\n\t\t<th scope=\"col\" aria-label=\"Sunday\">S<\/th>\n\t<\/tr>\n\t<\/thead>\n\t<tbody>\n\t<tr>\n\t\t<td colspan=\"2\" class=\"pad\">&nbsp;<\/td><td>1<\/td><td>2<\/td><td>3<\/td><td>4<\/td><td>5<\/td>\n\t<\/tr>\n\t<tr>\n\t\t<td>6<\/td><td>7<\/td><td>8<\/td><td>9<\/td><td>10<\/td><td>11<\/td><td>12<\/td>\n\t<\/tr>\n\t<tr>\n\t\t<td>13<\/td><td>14<\/td><td>15<\/td><td>16<\/td><td>17<\/td><td>18<\/td><td>19<\/td>\n\t<\/tr>\n\t<tr>\n\t\t<td>20<\/td><td>21<\/td><td id=\"today\">22<\/td><td>23<\/td><td>24<\/td><td>25<\/td><td>26<\/td>\n\t<\/tr>\n\t<tr>\n\t\t<td>27<\/td><td>28<\/td><td>29<\/td><td>30<\/td>\n\t\t<td class=\"pad\" colspan=\"3\">&nbsp;<\/td>\n\t<\/tr>\n\t<\/tbody>\n\t<\/table><nav aria-label=\"Previous and next months\" class=\"wp-calendar-nav\">\n\t\t<span class=\"wp-calendar-nav-prev\"><a href=\"https:\/\/www.kurandakidualar.com\/?m=202009\">&laquo; Sep<\/a><\/span>\n\t\t<span class=\"pad\">&nbsp;<\/span>\n\t\t<span class=\"wp-calendar-nav-next\">&nbsp;<\/span>\n\t<\/nav><\/div>\n\n\n<figure class=\"wp-block-embed-twitter wp-block-embed is-type-rich is-provider-twitter\"><div class=\"wp-block-embed__wrapper\">\nhttps:\/\/twitter.com\/duayadavett\n<\/div><\/figure>\n<\/div>\n<\/div>\n<\/div>\n<\/div>\n\n\n\n<p><\/p>\n","protected":false},"excerpt":{"rendered":"<p>Dua Etmek ve Dualar\u0131n Kabul\u00fc Kur&#8217;an&#8217;\u0131 Kerim ayetlerinde pek \u00e7ok kez, Allah&#8217;a g\u00f6n\u00fclden teslim olan kullar olarak dua etmek ve Allah&#8217;\u0131n y\u00fcceli\u011fini ifade etmek emredilmi\u015ftir. Dua mana itibariyle \u00e7a\u011f\u0131rmak, seslenmek, istemek; yard\u0131m talep etmek gibi anlamlara gelmektedir. Dua kulun Allah&#8217;a olan bir y\u00f6neli\u015fidir. Dua kul \u00fczerinde psikolojik manada bir rahatlama, huzur ve g\u00f6n\u00fcl tatmini do\u011furur. [&hellip;]<\/p>\n","protected":false},"author":1,"featured_media":0,"parent":0,"menu_order":0,"comment_status":"closed","ping_status":"closed","template":"","meta":{"footnotes":""},"class_list":["post-298","page","type-page","status-publish","hentry"],"_links":{"self":[{"href":"https:\/\/www.kurandakidualar.com\/index.php?rest_route=\/wp\/v2\/pages\/298","targetHints":{"allow":["GET"]}}],"collection":[{"href":"https:\/\/www.kurandakidualar.com\/index.php?rest_route=\/wp\/v2\/pages"}],"about":[{"href":"https:\/\/www.kurandakidualar.com\/index.php?rest_route=\/wp\/v2\/types\/page"}],"author":[{"embeddable":true,"href":"https:\/\/www.kurandakidualar.com\/index.php?rest_route=\/wp\/v2\/users\/1"}],"replies":[{"embeddable":true,"href":"https:\/\/www.kurandakidualar.com\/index.php?rest_route=%2Fwp%2Fv2%2Fcomments&post=298"}],"version-history":[{"count":5,"href":"https:\/\/www.kurandakidualar.com\/index.php?rest_route=\/wp\/v2\/pages\/298\/revisions"}],"predecessor-version":[{"id":382,"href":"https:\/\/www.kurandakidualar.com\/index.php?rest_route=\/wp\/v2\/pages\/298\/revisions\/382"}],"wp:attachment":[{"href":"https:\/\/www.kurandakidualar.com\/index.php?rest_route=%2Fwp%2Fv2%2Fmedia&parent=298"}],"curies":[{"name":"wp","href":"https:\/\/api.w.org\/{rel}","templated":true}]}}