{"id":428,"date":"2020-09-23T14:04:50","date_gmt":"2020-09-23T14:04:50","guid":{"rendered":"http:\/\/www.kurandakidualar.com\/?page_id=428"},"modified":"2020-09-23T14:04:50","modified_gmt":"2020-09-23T14:04:50","slug":"allahin-isimleri-esma-i-husna","status":"publish","type":"page","link":"https:\/\/www.kurandakidualar.com\/?page_id=428","title":{"rendered":"Allah\u2019\u0131n \u0130simleri (Esm\u00e2-i H\u00fcsn\u00e2)"},"content":{"rendered":"\n<p>Esma-i H\u00fcsna, Allah&#8217;\u0131n isimleri i\u00e7in kullan\u0131lan bir tabirdir. \u0130smin \u00e7o\u011fulu olan esma ile &#8221;g\u00fczel, en g\u00fczel&#8221; anlam\u0131ndaki H\u00fcsna kelimelerinden olu\u015fan Esma-i H\u00fcsna terkibi Kur&#8217;an ayetlerinde Allah&#8217;a nisbet edilen isimleri ifade etmektedir. Y\u00fcce yarat\u0131c\u0131n\u0131n duyular ile idrak edilmesi m\u00fcmk\u00fcn de\u011fildir. Allah&#8217;\u0131, Kur&#8217;an ayetlerinin bize ifade etti\u011fi \u015fekilde ancak evren ve insan ile olan ili\u015fkisi bak\u0131m\u0131ndan tan\u0131ma imkan\u0131m\u0131z bulunmaktad\u0131r. Kur&#8217;an ayetlerinin ifadesiyle en g\u00fczel isimler Allah&#8217;\u0131nd\u0131r. Kur&#8217;an&#8217;da, Allah&#8217;a bu isimleri ile y\u00f6nelmemiz O&#8217;nu bu isim ve s\u0131fatlar ile y\u00fcceltmemiz buyrulmaktad\u0131r.<\/p>\n\n\n\n<p><strong>Rahman ve Rahim Allah\u2019\u0131n Ad\u0131yla<\/strong><\/p>\n\n\n\n<p class=\"has-text-align-left\">En g\u00fczel isimler (Esm\u00e2\u00fcl H\u00fcsna), Allah\u2019\u0131nd\u0131r; O\u2019na onlarla dua edin. O\u2019nun isimlerinde ters bir tutum izleyenleri b\u0131rak\u0131n. Yap\u0131p ettiklerinin cezas\u0131n\u0131 \u00e7ekeceklerdir. &#8211; A\u2019raf Suresi Ayet 180<\/p>\n\n\n\n<p>De ki &#8221;\u0130ster Allah dite yakar\u0131n, ister Rahman diye yakar\u0131n. Hangisiyle yakar\u0131rsan\u0131z yakar\u0131n, en g\u00fczel isimler O&#8217;nundur. Namaz\u0131nda sesini y\u00fckseltme, k\u0131sma da. \u0130kisi ortas\u0131 bir yol tut.&#8221; &#8211; \u0130sra Suresi Ayet 110<\/p>\n\n\n\n<p>Allah&#8217;t\u0131r O! Haalik, Bari, Musavvir&#8217;dir O ! En g\u00fczel isimler (Esmaul H\u00fcsna) O&#8217;nundur. G\u00f6klerde ne var, yerde ne varsa O&#8217;nu tespih eder. Aziz&#8217;dir O, Hakim&#8217;dir. &#8211; Ha\u015fr Suresi, Ayet 24<\/p>\n\n\n\n<p>Allah&#8217;t\u0131r O. \u0130lah yok O&#8217;ndan ba\u015fka. En g\u00fczel isimler (Esmaul H\u00fcsna), O&#8217;nundur. &#8211; Taha Suresi, Ayet 8<\/p>\n\n\n\n<p>Allah tektir. Kendisinden ba\u015fka ilah, e\u015fi ve benzeri yoktur. Do\u011fmam\u0131\u015f ve do\u011furulmam\u0131\u015ft\u0131r. Varl\u0131\u011f\u0131 zorunlu ve kendisinden oland\u0131r. Ba\u015flang\u0131c\u0131 ve sonu yoktur. Yaratan var eden, her an her \u015feye g\u00fc\u00e7 yetiren, yaratt\u0131klar\u0131n\u0131n ihtiya\u00e7lar\u0131n\u0131 en g\u00fczel bi\u00e7imde sa\u011flayand\u0131r. G\u00f6ren i\u015fiten, l\u00fctfu ve rahmeti s\u0131n\u0131rs\u0131z oland\u0131r. Din g\u00fcn\u00fcn\u00fcn sahibidir. Koruyup g\u00f6zetendir. T\u00fcm \u00f6vg\u00fclerin sahibi, c\u00f6mertli\u011fi ve ikram\u0131 sonsuz e\u015fsiz kudrettir. \u00d6vg\u00fclerin, yakar\u0131\u015flar\u0131n, t\u00f6vbelerin, dualar\u0131n y\u00f6neldi\u011fi tek kudrettir&#8230; Y\u00fcce Allah&#8217;\u0131n Kur&#8217;an-\u0131 Kerim ayetlerinde ge\u00e7en tek kelimelik isim ve s\u0131fatlar\u0131n\u0131 \u015fu \u015fekilde s\u0131ralayabiliriz.<\/p>\n\n\n\n<p>Allah: Varl\u0131\u011f\u0131 zorunlu olan ve b\u00fct\u00fcn \u00f6vg\u00fclere lay\u0131k bulunan, yaratan , yap\u0131p eden, ezeli, ebedi olan, e\u015fsiz ortaks\u0131z kuvvet.<\/p>\n\n\n\n<p>Af\u00fcvv: Affeden, hatalar\u0131 ve g\u00fcnahlar\u0131 ba\u011f\u0131\u015flayan.<\/p>\n\n\n\n<p>Ahir: Sonu olmayan.<\/p>\n\n\n\n<p>A&#8217;la: En y\u00fcce.<\/p>\n\n\n\n<p>A&#8217;lem: En iyi bilen.<\/p>\n\n\n\n<p>Alim: T\u00fcm bilgilerin kayna\u011f\u0131 olan, her \u015feyi gere\u011fince bilen.<\/p>\n\n\n\n<p>Aliyy: Ululu\u011fun kayna\u011f\u0131 ve sahibi, \u00e7ok y\u00fcce.<\/p>\n\n\n\n<p>Aziz: Kudret ve onurun kayna\u011f\u0131 ve sahibi. \u00c7ok g\u00fc\u00e7l\u00fc, \u00e7ok onurlu.<\/p>\n\n\n\n<p>Bari: Var eden, bir model olmaks\u0131z\u0131n canl\u0131lar\u0131 var eden.<\/p>\n\n\n\n<p>Basir: G\u00f6rme g\u00fcc\u00fcn\u00fcn kayna\u011f\u0131, en iyi \u015fekilde g\u00f6ren. Her \u015feyi g\u00f6ren.<\/p>\n\n\n\n<p>Bat\u0131n: G\u00f6zle g\u00f6r\u00fclemeyen, her \u015feyde kendinden bir g\u00fc\u00e7 bulunan.<\/p>\n\n\n\n<p>Bedi: Var eden, yaratt\u0131klar\u0131n\u0131n ahenk ve g\u00fczelliklerle donatan. <\/p>\n\n\n\n<p>Berr: \u0130yilik ve l\u00fctfu sonsuz olan.<\/p>\n\n\n\n<p>Cami: Toplay\u0131p d\u00fczenleyen, k\u0131yamet g\u00fcn\u00fc hesaba \u00e7ekmek i\u00e7in mahlukat\u0131 toplayan.<\/p>\n\n\n\n<p>Cebbar: \u0130radesini her durumda y\u00fcr\u00fcten yarat\u0131lm\u0131\u015flar\u0131n halini iyile\u015ftiren.<\/p>\n\n\n\n<p>Ekrem: C\u00f6mertlerin c\u00f6merdi. C\u00f6mertli\u011fi sonsuz.<\/p>\n\n\n\n<p>Evvel: \u0130lk. Ba\u015flang\u0131c\u0131nda zaman belirlemen s\u00f6z konusu olmayan.<\/p>\n\n\n\n<p>Fal\u0131k: Yar\u0131p par\u00e7alayarak ortaya yeni bir \u015fey \u00e7\u0131kartan, tohum ve danelerin i\u00e7inde yeni \u00fcr\u00fcn \u00e7\u0131karan.<\/p>\n\n\n\n<p>Fat\u0131r: Yaratan. Birtak\u0131m varl\u0131klar\u0131 yar\u0131p par\u00e7alayarak yeni varl\u0131klara ve yeni olu\u015flara v\u00fccud veren.<\/p>\n\n\n\n<p>Fettah: A\u00e7an. Fetih ve zafer l\u00fctfenden kolayl\u0131k sa\u011flayan.<\/p>\n\n\n\n<p>Gaffar: Diledi\u011finde g\u00fcnahlar\u0131 beklenmedik \u015fekilde affeden.<\/p>\n\n\n\n<p>Gafir: Ba\u011f\u0131\u015flay\u0131c\u0131 affedici.<\/p>\n\n\n\n<p>Gafur: S\u00fcrekli bir bi\u00e7imde g\u00fcnahlar\u0131 affeden.<\/p>\n\n\n\n<p>Galib: Her hal ve \u015fartta galip gelen.<\/p>\n\n\n\n<p>Gani: Zengin. Zenginli\u011fi s\u0131n\u0131rs\u0131z olan. Yan\u0131nda herkesin yoksul kald\u0131\u011f\u0131 kudret.<\/p>\n\n\n\n<p>Haalik: Yaratan, var eden.<\/p>\n\n\n\n<p>Hab\u00eer: Her \u015feyden en iyi bi\u00e7imde haberdar olan.<\/p>\n\n\n\n<p>H\u00e2d\u00ee: Hidayet veren. Do\u00f0ruya, iyiye ve g\u00fczele k\u0131lavuzlamada en y\u00fcce kudret. <\/p>\n\n\n\n<p>H\u00e2fiy: L\u00fctufk\u00e2r. <\/p>\n\n\n\n<p>H\u00e2f\u0131z: Koruyan ezberinde tutan. <\/p>\n\n\n\n<p>Haf\u00eez: Koruyup g\u00f6zeten. Her \u015feyi kontrol ve g\u00f6zetimi alt\u0131nda tutan. <\/p>\n\n\n\n<p>Hak\u00eem: T\u00fcm hikmetlerin kayna\u011f\u0131. Her yapt\u0131\u011f\u0131nda mutlaka bir hikmet bulunan. <\/p>\n\n\n\n<p>Hakk: Ger\u00e7e\u011fin kayna\u011f\u0131 ve belirleyicisi. Her yapt\u0131\u011f\u0131 ve emri ger\u00e7e\u011fe en uygun olan. Hakk\u0131n ve hukukun kayna\u011f\u0131 ve belirleyicisi <\/p>\n\n\n\n<p>Hal\u00eem: Davran\u0131\u015flar\u0131nda yumu\u015fak ve \u015fefkatli. Sertlik ve kat\u0131l\u0131ktan uzak olan. <\/p>\n\n\n\n<p>Hall\u00e2k: s\u00fcrekli olan. <\/p>\n\n\n\n<p>Ham\u00eed: Her t\u00fcrl\u00fc \u00f6vg\u00fcn\u00fcn sahibi ve muhatab\u0131 olan. <\/p>\n\n\n\n<p>Has\u00eeb: En iyi ve en hassas bi\u00e7imde hesap soran. <\/p>\n\n\n\n<p>Hayy: S\u00fcrekli diri. Hayat\u0131n kayna\u011f\u0131. Kendisi i\u00e7in \u00f6l\u00fcm s\u00f6z konusu edilemeyen. <\/p>\n\n\n\n<p>\u0130lah: Tap\u0131lmaya lay\u0131k tek kudret. Y\u00fcce, e\u015fsiz. <\/p>\n\n\n\n<p>Kaadir: Kudretin kayna\u011f\u0131 ve sahibi. <\/p>\n\n\n\n<p>Kaahir: Yaratt\u0131klar\u0131 \u00fczerinde h\u00fck\u00fcm ve egemenlik kuran. <\/p>\n\n\n\n<p>Kad\u00eer: G\u00fcc\u00fc her \u015feye ula\u015fan, her \u015feyde hissedilen. <\/p>\n\n\n\n<p>K\u00e2f\u00ee: Hem kendisine hem de yaratt\u0131klar\u0131na yeten. Kullar\u0131n\u0131n her t\u00fcrl\u00fc istek ve ihtiya\u00e7lar\u0131na cevap veren.<\/p>\n\n\n\n<p>Kahh\u00e2r: Ger\u00e7e\u011fi \u00f6rt\u00fcp, buyruklar\u0131na kar\u015f\u0131 \u00e7\u0131kan inkarc\u0131lar\u0131 kahr\u0131 alt\u0131nda ezen. <\/p>\n\n\n\n<p>Kar\u00eeb: \u00c7ok yak\u0131nda olan. Kullar\u0131na \u015fah damarlar\u0131ndan daha yak\u0131n olan. <\/p>\n\n\n\n<p>Kav\u00ee: G\u00fcc\u00fc bizzat kendinden olan. <\/p>\n\n\n\n<p>Kayy\u00fbm: Kudretin kayna\u011f\u0131. <\/p>\n\n\n\n<p>Keb\u00eer: T\u00fcm b\u00fcy\u00fckl\u00fck \u00f6l\u00e7\u00fclerinin kavrayamayaca\u011f\u0131 \u015fekilde b\u00fcy\u00fck olan. <\/p>\n\n\n\n<p>Ker\u00eem: L\u00fctfu hep i\u015fleyen, c\u00f6mert. <\/p>\n\n\n\n<p>Kudd\u00fbs: T\u00fcm kutsall\u0131klar\u0131n kutsad\u0131\u011f\u0131, t\u00fcm varl\u0131\u011f\u0131n tespih edip y\u00fcceltti\u011fi. <\/p>\n\n\n\n<p>Lat\u00eef: G\u00f6zle g\u00f6r\u00fclmeyen. <\/p>\n\n\n\n<p>M\u00e2lik: Sahip olan. <\/p>\n\n\n\n<p>Mec\u00eed: C\u00f6mertlik ve ululu\u011fun kayna\u011f\u0131. <\/p>\n\n\n\n<p>Melik: G\u00fc\u00e7, saltanat ve y\u00f6netimin en y\u00fcce sahibi. <\/p>\n\n\n\n<p>Mel\u00eek: G\u00fc\u00e7 ve saltanat\u0131 diledi\u011fi \u015fekilde da\u011f\u0131tan. <\/p>\n\n\n\n<p>Met\u00een: Her hal ve tav\u0131r kar\u015f\u0131s\u0131nda sebat ve dayan\u0131kl\u0131l\u0131\u011f\u0131n\u0131 koruyan G\u00fc\u00e7l\u00fc, zorlu.<\/p>\n\n\n\n<p>Mevl\u00e2: Koruyup g\u00f6zeten, destek veren. Sevdiklerinin her hal ve artta yan\u00fdnda bulunan.<\/p>\n\n\n\n<p>Muc\u00eeb: En iyi \u00fe\u015fekilde en k\u0131sa zamanda cevap veren.<\/p>\n\n\n\n<p>Muh\u00eet: Her \u015feyi \u00e7epe\u00e7evre ku\u015fatan.<\/p>\n\n\n\n<p>Muhy\u00ee: Yaratan, hayat veren. \u00d6l\u00fcleri dirilten.<\/p>\n\n\n\n<p>Muk\u00eet: Yaratt\u0131klar\u0131n\u0131n g\u0131da sistemlerini, beslenme tarzlar\u0131n\u0131 belirleyen ve her birinin g\u0131da edinmesini sa\u011flayan.<\/p>\n\n\n\n<p>Muktedir: Her \u015feye g\u00fcc\u00fc yeten, kudretli.<\/p>\n\n\n\n<p>Musavvir: \u015fekil, renk ve desen veren. G\u00f6r\u00fcn\u00fcm kazand\u0131ran, g\u00f6r\u00fcn\u00fc\u015f\u00fc ahenkli k\u0131lan.<\/p>\n\n\n\n<p>M\u00fcheymin: H\u00fckm\u00fc alt\u0131nda tutan.<\/p>\n\n\n\n<p>K\u00e2inat\u0131n b\u00fct\u00fcn i\u015flerini g\u00f6zetip y\u00f6neten.<\/p>\n\n\n\n<p> M\u00fcmin: G\u00fcven veren, vaadine g\u00fcvenilen.<\/p>\n\n\n\n<p> M\u00fcste\u00e2n: Darda ve zorda kalan\u0131n ba\u015fvurdu\u011fu yard\u0131m diledi\u011fi kudret. Kendisinden yard\u0131m ve destek istenen. <\/p>\n\n\n\n<p> M\u00fcte\u00e2l: A\u015fk\u0131n, y\u00fcce. izzet, \u015feref ve h\u00fck\u00fcmdarl\u0131k bak\u0131m\u0131ndan en y\u00fcce olan.<\/p>\n\n\n\n<p> M\u00fctekebbir: Ululuk ve y\u00fcceli\u011fin kayna\u011f\u0131 olan. Kibre ve b\u00f6b\u00fcrlenmeye sapanlar\u0131 hizaya getiren.<\/p>\n\n\n\n<p> Nas\u00eer: Yard\u00fdm eden.<\/p>\n\n\n\n<p> N\u00fbr: I\u015f\u0131k. I\u015f\u0131\u011f\u0131n, ayd\u0131nl\u0131\u011f\u0131n, yol g\u00f6steri\u015fin, erdiri\u015fin kayna\u011f\u00fd ve y\u00f6neticisi olan. <\/p>\n\n\n\n<p>Rab: Besleyip, terbiye edip e\u00f0iten. <\/p>\n\n\n\n<p>Rah\u00eem: Rahmet ve merhameti s\u00fdn\u00fdrs\u00fdz olan. Ba\u00f0\u00fd\u00felayan, esirgeyen. <\/p>\n\n\n\n<p>Rahman: Rahmeti sonsuz olan. Ba\u011f\u0131\u015flayan, esirgeyen. <\/p>\n\n\n\n<p>Rak\u00eeb: Kontrol eden, g\u00f6zleyip g\u00f6zetleyen. <\/p>\n\n\n\n<p>Ra\u00fbf:Ac\u0131ma, \u015fefkat ve esirgemesi s\u0131n\u0131rs\u0131z olan. <\/p>\n\n\n\n<p>Ref\u00ee: Y\u00fccelten, izzet ve \u015feref veren. <\/p>\n\n\n\n<p>Rezz\u00e2k: Yaratt\u0131\u011f\u0131 t\u00fcm varl\u0131klar\u0131n r\u0131zklar\u0131n\u0131 fazlas\u0131yla veren.<\/p>\n\n\n\n<p> Samed: T\u00fcm ihtiya\u00e7lar\u0131n, niyetlerin, \u00f6vg\u00fclerin, yakar\u0131\u015flar\u0131n y\u00f6neldi\u011fi e\u015fsiz kudret.<\/p>\n\n\n\n<p> Sel\u00e2m: Esenlik, bar\u0131\u015f ve mutlulu\u011fun kayna\u011f\u0131.<\/p>\n\n\n\n<p> Sem\u00ee: En iyi \u015fekilde i\u015fiten, duyan. Her \u015feyi i\u015fitip duyan.<\/p>\n\n\n\n<p> \u015eakir: \u015e\u00fckredenleri duyup \u00f6d\u00fcllendiren.<\/p>\n\n\n\n<p> \u015eeh\u00eed: En y\u00fcce tan\u0131k. Her \u015feyi g\u00f6r\u00fcp g\u00f6zetleyen. <\/p>\n\n\n\n<p>Tevv\u00e2b: T\u00f6vbeleri \u00e7ok kabul eden. T\u00f6vbe nasip eden. Kendisine y\u00f6nelenlerin bu y\u00f6neli\u015flerini kar\u015f\u0131l\u0131ks\u0131z b\u0131rakmayan.<\/p>\n\n\n\n<p>Vahh\u00e2b: Ba\u011f\u0131\u015f\u0131 s\u0131n\u0131rs\u0131z olan. S\u00fcrekli ve s\u0131n\u0131rs\u0131z bir bi\u00e7imde ba\u011f\u0131\u015fta bulunan. V\u00e2hid: S\u0131fatlar\u0131nda, \u00f6zelliklerinde tek ve biricik olan. <\/p>\n\n\n\n<p>V\u00e2ris: B\u00fct\u00fcn m\u00fclk ve saltanatlar\u0131n sonunda kendine teslim edildi\u011fi kudret. Diledi\u011fini diledi\u011fine miras\u00e7\u0131 k\u0131lan.<\/p>\n\n\n\n<p>V\u00e2s\u00ee: Varl\u0131\u011f\u0131 s\u00fcrekli geni\u015fleten. Yarat\u0131\u015f\u0131 ve yaratt\u0131klar\u0131n\u0131 diledi\u011fi \u015fekilde art\u0131r\u0131p geni\u015fleten. <\/p>\n\n\n\n<p>Ved\u00fbd: Sevginin kayna\u011f\u0131 olan. Seven. Sevdiren. T\u00fcm sevgilerin en son ve en y\u00fcce gayesi olan.<\/p>\n\n\n\n<p>Vek\u00eel: G\u00fcc\u00fc ve y\u00f6netimi kullanan. G\u00fcvenilip dayan\u0131lan. <\/p>\n\n\n\n<p>Vel\u00ee: Dost, yard\u0131mc\u0131. Destek veren.<\/p>\n\n\n\n<p>Z\u00e2hir: Her \u015feyde tecelli eden. T\u00fcm yaratt\u0131klar\u0131nda, kendisinden g\u00f6r\u00fclebilir izler, i\u015faretler bulunan.<\/p>\n","protected":false},"excerpt":{"rendered":"<p>Esma-i H\u00fcsna, Allah&#8217;\u0131n isimleri i\u00e7in kullan\u0131lan bir tabirdir. \u0130smin \u00e7o\u011fulu olan esma ile &#8221;g\u00fczel, en g\u00fczel&#8221; anlam\u0131ndaki H\u00fcsna kelimelerinden olu\u015fan Esma-i H\u00fcsna terkibi Kur&#8217;an ayetlerinde Allah&#8217;a nisbet edilen isimleri ifade etmektedir. Y\u00fcce yarat\u0131c\u0131n\u0131n duyular ile idrak edilmesi m\u00fcmk\u00fcn de\u011fildir. Allah&#8217;\u0131, Kur&#8217;an ayetlerinin bize ifade etti\u011fi \u015fekilde ancak evren ve insan ile olan ili\u015fkisi bak\u0131m\u0131ndan tan\u0131ma [&hellip;]<\/p>\n","protected":false},"author":1,"featured_media":0,"parent":0,"menu_order":0,"comment_status":"closed","ping_status":"closed","template":"","meta":{"footnotes":""},"class_list":["post-428","page","type-page","status-publish","hentry"],"_links":{"self":[{"href":"https:\/\/www.kurandakidualar.com\/index.php?rest_route=\/wp\/v2\/pages\/428","targetHints":{"allow":["GET"]}}],"collection":[{"href":"https:\/\/www.kurandakidualar.com\/index.php?rest_route=\/wp\/v2\/pages"}],"about":[{"href":"https:\/\/www.kurandakidualar.com\/index.php?rest_route=\/wp\/v2\/types\/page"}],"author":[{"embeddable":true,"href":"https:\/\/www.kurandakidualar.com\/index.php?rest_route=\/wp\/v2\/users\/1"}],"replies":[{"embeddable":true,"href":"https:\/\/www.kurandakidualar.com\/index.php?rest_route=%2Fwp%2Fv2%2Fcomments&post=428"}],"version-history":[{"count":1,"href":"https:\/\/www.kurandakidualar.com\/index.php?rest_route=\/wp\/v2\/pages\/428\/revisions"}],"predecessor-version":[{"id":434,"href":"https:\/\/www.kurandakidualar.com\/index.php?rest_route=\/wp\/v2\/pages\/428\/revisions\/434"}],"wp:attachment":[{"href":"https:\/\/www.kurandakidualar.com\/index.php?rest_route=%2Fwp%2Fv2%2Fmedia&parent=428"}],"curies":[{"name":"wp","href":"https:\/\/api.w.org\/{rel}","templated":true}]}}